{"id":2622,"date":"2025-01-18T08:49:56","date_gmt":"2025-01-18T07:49:56","guid":{"rendered":"https:\/\/www.culture-dax.fr\/?page_id=2622"},"modified":"2025-07-15T07:04:09","modified_gmt":"2025-07-15T06:04:09","slug":"pilates-2","status":"publish","type":"page","link":"https:\/\/www.culture-dax.fr\/?page_id=2622","title":{"rendered":"Pilates"},"content":{"rendered":"[et_pb_section fb_built=\u00a0\u00bb1&Prime; fullwidth=\u00a0\u00bbon\u00a0\u00bb _builder_version=\u00a0\u00bb4.25.0&Prime; _module_preset=\u00a0\u00bbdefault\u00a0\u00bb global_colors_info=\u00a0\u00bb{}\u00a0\u00bb][et_pb_fullwidth_image src=\u00a0\u00bbhttp:\/\/www.culture-dax.fr\/wp-content\/uploads\/2014\/10\/sophrologie2.jpg\u00a0\u00bb title_text=\u00a0\u00bbrelaxation\u00a0\u00bb _builder_version=\u00a0\u00bb4.25.0&Prime; _module_preset=\u00a0\u00bbdefault\u00a0\u00bb global_colors_info=\u00a0\u00bb{}\u00a0\u00bb][\/et_pb_fullwidth_image][\/et_pb_section][et_pb_section fb_built=\u00a0\u00bb1&Prime; admin_label=\u00a0\u00bbsection\u00a0\u00bb _builder_version=\u00a0\u00bb4.16&Prime; global_colors_info=\u00a0\u00bb{}\u00a0\u00bb][et_pb_row admin_label=\u00a0\u00bbrow\u00a0\u00bb _builder_version=\u00a0\u00bb4.16&Prime; background_size=\u00a0\u00bbinitial\u00a0\u00bb background_position=\u00a0\u00bbtop_left\u00a0\u00bb background_repeat=\u00a0\u00bbrepeat\u00a0\u00bb global_colors_info=\u00a0\u00bb{}\u00a0\u00bb][et_pb_column type=\u00a0\u00bb4_4&Prime; _builder_version=\u00a0\u00bb4.16&Prime; custom_padding=\u00a0\u00bb|||\u00a0\u00bb global_colors_info=\u00a0\u00bb{}\u00a0\u00bb custom_padding__hover=\u00a0\u00bb|||\u00a0\u00bb][et_pb_text admin_label=\u00a0\u00bbText\u00a0\u00bb _builder_version=\u00a0\u00bb4.25.0&Prime; background_size=\u00a0\u00bbinitial\u00a0\u00bb background_position=\u00a0\u00bbtop_left\u00a0\u00bb background_repeat=\u00a0\u00bbrepeat\u00a0\u00bb hover_enabled=\u00a0\u00bb0&Prime; global_colors_info=\u00a0\u00bb{}\u00a0\u00bb sticky_enabled=\u00a0\u00bb0&Prime;]<h1>PILATES \/ GYM DOUCE avec Karine<\/h1>\n<p><strong>Activit\u00e9s et leur fonctionnement<\/strong><strong> :<\/strong><\/p>\n<p>Chaque personne am\u00e8ne son tapis (bien que quelques tapis soient \u00e9galement mis \u00e0 disposition par l\u2019ACD), sa bouteille d\u2019eau, nous faisons les cours pieds nus.<\/p>\n<p>Il est possible que j\u2019am\u00e8ne du mat\u00e9riel pour certains cours.<\/p>\n<p><strong>R\u00e9alisations<\/strong> :<\/p>\n<p>Le cours dure une heure<\/p>\n<p>Le cours commence avec une partie d\u2019\u00e9chauffement et de mobilisation de chaque muscle et articulation. Ensuite, nous avons une partie pour travailler l\u2019\u00e9quilibre sur tous les appuis. Puis du renforcement musculaire, doux haut du corps, jambes, les abdos, puis pour finir des \u00e9tirements en terminant par des exercices de respiration.<\/p>\n<p><br \/><br \/><\/p>\n<div class=\"wp-block-themepunch-revslider revslider\" data-modal=\"false\" data-slidertitle=\"pilatesdef\"><\/div>\n<p>&nbsp;<\/p>[\/et_pb_text][\/et_pb_column][\/et_pb_row][\/et_pb_section]","protected":false},"excerpt":{"rendered":"<p>PILATES \/ GYM DOUCE avec Karine Activit\u00e9s et leur fonctionnement : Chaque personne am\u00e8ne son tapis (bien que quelques tapis soient \u00e9galement mis \u00e0 disposition par l\u2019ACD), sa bouteille d\u2019eau, nous faisons les cours pieds nus. Il est possible que j\u2019am\u00e8ne du mat\u00e9riel pour certains cours. R\u00e9alisations : Le cours dure une heure Le cours commence avec une partie d\u2019\u00e9chauffement et de mobilisation de chaque muscle et articulation. Ensuite, nous avons une partie pour travailler l\u2019\u00e9quilibre sur tous les appuis. Puis du renforcement musculaire, doux haut du corps, jambes, les abdos, puis pour finir des \u00e9tirements en terminant par des exercices de respiration. &nbsp;<\/p>\n","protected":false},"author":1,"featured_media":0,"parent":0,"menu_order":0,"comment_status":"closed","ping_status":"closed","template":"","meta":{"_et_pb_use_builder":"on","_et_pb_old_content":"<p>[vc_row][vc_column][\/vc_column][\/vc_row][rev_slider slidertitle=\"pilatesdef\" alias=\"pilatesdef\"][vc_row][vc_column][vc_column_text]<\/p>\n<h1>PILATES \/ GYM DOUCE avec Karine<\/h1>\n<p><!-- wp:paragraph --><strong>Activit\u00e9s et leur fonctionnement<\/strong><strong> :<\/strong><\/p>\n<!-- \/wp:paragraph -->\n<p><!-- wp:paragraph -->Chaque personne am\u00e8ne son tapis (bien que quelques tapis soient \u00e9galement mis \u00e0 disposition par l\u2019ACD), sa bouteille d\u2019eau, nous faisons les cours pieds nus.<\/p>\n<!-- \/wp:paragraph -->\n<p><!-- wp:paragraph -->Il est possible que j\u2019am\u00e8ne du mat\u00e9riel pour certains cours.<\/p>\n<!-- \/wp:paragraph -->\n<p><!-- wp:paragraph --><strong>R\u00e9alisations<\/strong> :<\/p>\n<!-- \/wp:paragraph -->\n<p><!-- wp:paragraph -->Le cours dure une heure<\/p>\n<!-- \/wp:paragraph -->\n<p><!-- wp:paragraph -->Le cours commence avec une partie d\u2019\u00e9chauffement au mobilisons chaque muscle et articulation. Ensuite, nous avons une partie pour travailler l\u2019\u00e9quilibre sur tous les appuis. Puis du renforcement musculaire, doux haut du corps, jambes, les abdos, puis pour finir des \u00e9tirements en terminant par des exercices de respiration.<\/p>\n<!-- \/wp:paragraph --><br \/><!-- wp:paragraph --><!-- \/wp:paragraph --><br \/><!-- wp:themepunch\/revslider {\"alias\":\"pilatesdef\",\"zindex\":0} -->\n<div class=\"wp-block-themepunch-revslider revslider\" data-modal=\"false\" data-slidertitle=\"pilatesdef\">\u00a0<\/div>\n<p>[\/vc_column_text][vc_column_text]<\/div>\n<p><!-- \/wp:themepunch\/revslider -->[\/vc_column_text][\/vc_column][\/vc_row]<\/p>\n","_et_gb_content_width":"","footnotes":""},"class_list":["post-2622","page","type-page","status-publish","hentry"],"_links":{"self":[{"href":"https:\/\/www.culture-dax.fr\/index.php?rest_route=\/wp\/v2\/pages\/2622","targetHints":{"allow":["GET"]}}],"collection":[{"href":"https:\/\/www.culture-dax.fr\/index.php?rest_route=\/wp\/v2\/pages"}],"about":[{"href":"https:\/\/www.culture-dax.fr\/index.php?rest_route=\/wp\/v2\/types\/page"}],"author":[{"embeddable":true,"href":"https:\/\/www.culture-dax.fr\/index.php?rest_route=\/wp\/v2\/users\/1"}],"replies":[{"embeddable":true,"href":"https:\/\/www.culture-dax.fr\/index.php?rest_route=%2Fwp%2Fv2%2Fcomments&post=2622"}],"version-history":[{"count":9,"href":"https:\/\/www.culture-dax.fr\/index.php?rest_route=\/wp\/v2\/pages\/2622\/revisions"}],"predecessor-version":[{"id":2966,"href":"https:\/\/www.culture-dax.fr\/index.php?rest_route=\/wp\/v2\/pages\/2622\/revisions\/2966"}],"wp:attachment":[{"href":"https:\/\/www.culture-dax.fr\/index.php?rest_route=%2Fwp%2Fv2%2Fmedia&parent=2622"}],"curies":[{"name":"wp","href":"https:\/\/api.w.org\/{rel}","templated":true}]}}