{"id":2991,"date":"2025-08-06T16:43:30","date_gmt":"2025-08-06T15:43:30","guid":{"rendered":"https:\/\/www.culture-dax.fr\/?page_id=2991"},"modified":"2025-08-06T16:50:27","modified_gmt":"2025-08-06T15:50:27","slug":"botanique","status":"publish","type":"page","link":"https:\/\/www.culture-dax.fr\/?page_id=2991","title":{"rendered":"Philosophie"},"content":{"rendered":"<p>[et_pb_section fb_built=\u00a0\u00bb1&Prime; fullwidth=\u00a0\u00bbon\u00a0\u00bb _builder_version=\u00a0\u00bb4.25.0&Prime; _module_preset=\u00a0\u00bbdefault\u00a0\u00bb global_colors_info=\u00a0\u00bb{}\u00a0\u00bb][et_pb_fullwidth_image src=\u00a0\u00bbhttp:\/\/www.culture-dax.fr\/wp-content\/uploads\/2025\/08\/philosophie.jpg\u00a0\u00bb title_text=\u00a0\u00bbphilosophie\u00a0\u00bb _builder_version=\u00a0\u00bb4.25.0&Prime; _module_preset=\u00a0\u00bbdefault\u00a0\u00bb hover_enabled=\u00a0\u00bb0&Prime; global_colors_info=\u00a0\u00bb{}\u00a0\u00bb sticky_enabled=\u00a0\u00bb0&Prime;][\/et_pb_fullwidth_image][\/et_pb_section][et_pb_section fb_built=\u00a0\u00bb1&Prime; admin_label=\u00a0\u00bbsection\u00a0\u00bb _builder_version=\u00a0\u00bb4.16&Prime; global_colors_info=\u00a0\u00bb{}\u00a0\u00bb][et_pb_row admin_label=\u00a0\u00bbrow\u00a0\u00bb _builder_version=\u00a0\u00bb4.16&Prime; background_size=\u00a0\u00bbinitial\u00a0\u00bb background_position=\u00a0\u00bbtop_left\u00a0\u00bb background_repeat=\u00a0\u00bbrepeat\u00a0\u00bb global_colors_info=\u00a0\u00bb{}\u00a0\u00bb][et_pb_column type=\u00a0\u00bb4_4&Prime; _builder_version=\u00a0\u00bb4.16&Prime; custom_padding=\u00a0\u00bb|||\u00a0\u00bb global_colors_info=\u00a0\u00bb{}\u00a0\u00bb custom_padding__hover=\u00a0\u00bb|||\u00a0\u00bb][et_pb_text admin_label=\u00a0\u00bbText\u00a0\u00bb _builder_version=\u00a0\u00bb4.25.0&Prime; background_size=\u00a0\u00bbinitial\u00a0\u00bb background_position=\u00a0\u00bbtop_left\u00a0\u00bb background_repeat=\u00a0\u00bbrepeat\u00a0\u00bb global_colors_info=\u00a0\u00bb{}\u00a0\u00bb]<\/p>\n<p>&nbsp;<\/p>\n<h1><span style=\"color: #993300;\">ATELIER PHILOSOPHIE<\/span><\/h1>\n<p>Cet atelier propose une approche de la philosophie par l&rsquo;\u00e9tude des grands auteurs et des notions importantes de la pens\u00e9e occidentale.<\/p>\n<p>L&rsquo;atelier est ouvert \u00e0 tous sans pr\u00e9-requis autre que le d\u00e9sir d&rsquo;acqu\u00e9rir ou d&rsquo;approfondir une culture philosophique.<\/p>\n<p>L&rsquo;atelier prendra la forme d&rsquo;un expos\u00e9 suivi (ou pr\u00e9c\u00e9d\u00e9) d&rsquo;\u00e9changes et de conseils de lecture.<\/p>\n<p>[\/et_pb_text][\/et_pb_column][\/et_pb_row][\/et_pb_section]<\/p>\n","protected":false},"excerpt":{"rendered":"<p>&nbsp; ATELIER PHILOSOPHIE Cet atelier propose une approche de la philosophie par l&rsquo;\u00e9tude des grands auteurs et des notions importantes de la pens\u00e9e occidentale. L&rsquo;atelier est ouvert \u00e0 tous sans pr\u00e9-requis autre que le d\u00e9sir d&rsquo;acqu\u00e9rir ou d&rsquo;approfondir une culture philosophique. L&rsquo;atelier prendra la forme d&rsquo;un expos\u00e9 suivi (ou pr\u00e9c\u00e9d\u00e9) d&rsquo;\u00e9changes et de conseils de lecture.<\/p>\n","protected":false},"author":1,"featured_media":0,"parent":39,"menu_order":0,"comment_status":"closed","ping_status":"closed","template":"","meta":{"_et_pb_use_builder":"on","_et_pb_old_content":"<p>[vc_row][vc_column][rev_slider_vc alias=\"philo\"][\/vc_column][\/vc_row][vc_row][vc_column][vc_column_text]<\/p>\n<h1><span style=\"color: #993300;\">COURS DE BOTANIQUE avec Dominique<\/span><\/h1>\n<p>[\/vc_column_text][\/vc_column][\/vc_row][vc_row][vc_column width=\"3\/4\"][vc_column_text]<\/p>\n<h2><\/h2>\n<p>L\u2019Association Culturelle de Dax est heureuse de vous pr\u00e9senter son nouvel atelier<\/p>\n<p><strong>\u00ab\u00a0prendre soin de son jardin au naturel\u00a0\u00bb<\/strong><\/p>\n<p>&nbsp;<\/p>\n<p>2 jeudis par mois de 14h \u00e0 17h dans nos locaux \u2013 3 rue du Palais \u00e0 Dax.<br \/>\nPour plus d'informations appeler le secr\u00e9tariat au 05 58 74 31 67.<\/p>\n<p>Avec Dominique,<\/p>\n<p>- nous visiterons quelques notions essentielles d\u2019agronomie et de la vie des plantes\u2026<\/p>\n<p>- nous d\u00e9couvrirons quelques astuces\u2026<\/p>\n<p>- nous essayerons de r\u00e9pondre \u00e0 vos questions\u2026<\/p>\n<p>- un participant pourra accueillir, dans le secret de son jardin, les adh\u00e9rents de l'atelier.<\/p>\n<p>\u2026 Que vous ayez un grand jardin ou seulement quelques plantes vertes, vous \u00eates les bienvenus et nous nous enrichirons ensemble.[\/vc_column_text][\/vc_column][\/vc_row]<\/p>\n","_et_gb_content_width":"","footnotes":""},"class_list":["post-2991","page","type-page","status-publish","hentry"],"_links":{"self":[{"href":"https:\/\/www.culture-dax.fr\/index.php?rest_route=\/wp\/v2\/pages\/2991","targetHints":{"allow":["GET"]}}],"collection":[{"href":"https:\/\/www.culture-dax.fr\/index.php?rest_route=\/wp\/v2\/pages"}],"about":[{"href":"https:\/\/www.culture-dax.fr\/index.php?rest_route=\/wp\/v2\/types\/page"}],"author":[{"embeddable":true,"href":"https:\/\/www.culture-dax.fr\/index.php?rest_route=\/wp\/v2\/users\/1"}],"replies":[{"embeddable":true,"href":"https:\/\/www.culture-dax.fr\/index.php?rest_route=%2Fwp%2Fv2%2Fcomments&post=2991"}],"version-history":[{"count":3,"href":"https:\/\/www.culture-dax.fr\/index.php?rest_route=\/wp\/v2\/pages\/2991\/revisions"}],"predecessor-version":[{"id":3000,"href":"https:\/\/www.culture-dax.fr\/index.php?rest_route=\/wp\/v2\/pages\/2991\/revisions\/3000"}],"up":[{"embeddable":true,"href":"https:\/\/www.culture-dax.fr\/index.php?rest_route=\/wp\/v2\/pages\/39"}],"wp:attachment":[{"href":"https:\/\/www.culture-dax.fr\/index.php?rest_route=%2Fwp%2Fv2%2Fmedia&parent=2991"}],"curies":[{"name":"wp","href":"https:\/\/api.w.org\/{rel}","templated":true}]}}