{"id":31,"date":"2014-10-24T14:50:31","date_gmt":"2014-10-24T13:50:31","guid":{"rendered":"http:\/\/www.culture-dax.fr\/?page_id=31"},"modified":"2025-07-09T06:14:13","modified_gmt":"2025-07-09T05:14:13","slug":"liens","status":"publish","type":"page","link":"https:\/\/www.culture-dax.fr\/?page_id=31","title":{"rendered":"Liens"},"content":{"rendered":"<p>[et_pb_section fb_built=\u00a0\u00bb1&Prime; admin_label=\u00a0\u00bbsection\u00a0\u00bb _builder_version=\u00a0\u00bb4.16&Prime; global_colors_info=\u00a0\u00bb{}\u00a0\u00bb][et_pb_row admin_label=\u00a0\u00bbrow\u00a0\u00bb _builder_version=\u00a0\u00bb4.16&Prime; background_size=\u00a0\u00bbinitial\u00a0\u00bb background_position=\u00a0\u00bbtop_left\u00a0\u00bb background_repeat=\u00a0\u00bbrepeat\u00a0\u00bb global_colors_info=\u00a0\u00bb{}\u00a0\u00bb][et_pb_column type=\u00a0\u00bb4_4&Prime; _builder_version=\u00a0\u00bb4.16&Prime; custom_padding=\u00a0\u00bb|||\u00a0\u00bb global_colors_info=\u00a0\u00bb{}\u00a0\u00bb custom_padding__hover=\u00a0\u00bb|||\u00a0\u00bb][et_pb_text admin_label=\u00a0\u00bbText\u00a0\u00bb _builder_version=\u00a0\u00bb4.25.0&Prime; background_size=\u00a0\u00bbinitial\u00a0\u00bb background_position=\u00a0\u00bbtop_left\u00a0\u00bb background_repeat=\u00a0\u00bbrepeat\u00a0\u00bb hover_enabled=\u00a0\u00bb0&Prime; global_colors_info=\u00a0\u00bb{}\u00a0\u00bb sticky_enabled=\u00a0\u00bb0&Prime;]<\/p>\n<h1><span style=\"color: #993300; font-family: arial, helvetica, sans-serif;\">Liens<\/span><\/h1>\n<p><a href=\"http:\/\/www.dax.fr\/\"><img loading=\"lazy\" decoding=\"async\" class=\"alignleft size-full wp-image-1051\" src=\"http:\/\/www.culture-dax.fr\/wp-content\/uploads\/2014\/10\/Copie-de-LOGOgeneriquegris.jpg\" alt=\"Copie de LOGOgeneriquegris\" width=\"102\" height=\"160\" \/><\/a><\/p>\n<p>&nbsp;<\/p>\n<p>&nbsp;<\/p>\n<p>&nbsp;<\/p>\n<p>&nbsp;<\/p>\n<p>&nbsp;<\/p>\n<p>Ville de Dax<\/p>\n<p>&nbsp;<\/p>\n<p>&nbsp;<\/p>\n<p><a href=\"http:\/\/www.dax-tourisme.com\/\"><img loading=\"lazy\" decoding=\"async\" class=\"alignleft size-full wp-image-1052\" src=\"http:\/\/www.culture-dax.fr\/wp-content\/uploads\/2014\/10\/logo-ot-dax.jpg\" alt=\"logo-ot-dax\" width=\"108\" height=\"160\" \/><\/a><\/p>\n<p>&nbsp;<\/p>\n<p>&nbsp;<\/p>\n<p>&nbsp;<\/p>\n<p>&nbsp;<\/p>\n<p>&nbsp;<\/p>\n<p>Office de Tourisme de Dax<\/p>\n<p>&nbsp;<\/p>\n<p>&nbsp;<\/p>\n<p><a href=\"http:\/\/www.ffwushu.fr\/\"><img loading=\"lazy\" decoding=\"async\" class=\"alignleft wp-image-1049 size-full\" src=\"http:\/\/www.culture-dax.fr\/wp-content\/uploads\/2014\/10\/7mf3s-FFW.png\" alt=\"7mf3s-FFW\" width=\"161\" height=\"160\" srcset=\"https:\/\/www.culture-dax.fr\/wp-content\/uploads\/2014\/10\/7mf3s-FFW.png 161w, https:\/\/www.culture-dax.fr\/wp-content\/uploads\/2014\/10\/7mf3s-FFW-150x150.png 150w, https:\/\/www.culture-dax.fr\/wp-content\/uploads\/2014\/10\/7mf3s-FFW-50x50.png 50w\" sizes=\"auto, (max-width: 161px) 100vw, 161px\" \/><\/a><\/p>\n<p>&nbsp;<\/p>\n<p>&nbsp;<\/p>\n<p>&nbsp;<\/p>\n<p>&nbsp;<\/p>\n<p>&nbsp;<\/p>\n<p>F\u00e9d\u00e9ration Fran\u00e7aise de Wu Shu<\/p>\n<p>&nbsp;<\/p>\n<p>&nbsp;<\/p>\n<p><a href=\"http:\/\/www.astrosurf.com\/obsdax\/home.htm\"><img loading=\"lazy\" decoding=\"async\" class=\"alignleft size-full wp-image-1053\" src=\"http:\/\/www.culture-dax.fr\/wp-content\/uploads\/2014\/10\/t\u00e9l\u00e9chargement.png\" alt=\"t\u00e9l\u00e9chargement\" width=\"183\" height=\"134\" \/><\/a><\/p>\n<p>&nbsp;<\/p>\n<p>&nbsp;<\/p>\n<p>&nbsp;<\/p>\n<p>&nbsp;<\/p>\n<p>&nbsp;<\/p>\n<p>Observatoire de Dax<\/p>\n<p>[\/et_pb_text][\/et_pb_column][\/et_pb_row][\/et_pb_section]<\/p>\n","protected":false},"excerpt":{"rendered":"<p>Liens &nbsp; &nbsp; &nbsp; &nbsp; &nbsp; Ville de Dax &nbsp; &nbsp; &nbsp; &nbsp; &nbsp; &nbsp; &nbsp; Office de Tourisme de Dax &nbsp; &nbsp; &nbsp; &nbsp; &nbsp; &nbsp; &nbsp; F\u00e9d\u00e9ration Fran\u00e7aise de Wu Shu &nbsp; &nbsp; &nbsp; &nbsp; &nbsp; &nbsp; &nbsp; Observatoire de Dax<\/p>\n","protected":false},"author":1,"featured_media":0,"parent":0,"menu_order":0,"comment_status":"closed","ping_status":"closed","template":"","meta":{"_et_pb_use_builder":"on","_et_pb_old_content":"[vc_row][vc_column width=\"1\/1\"][rev_slider_vc alias=\"acd\"][\/vc_column][\/vc_row][vc_row][vc_column width=\"1\/1\"][vc_column_text]<h1><span style=\"color: #993300; font-family: arial, helvetica, sans-serif;\">Liens<\/span><\/h1>[\/vc_column_text][\/vc_column][\/vc_row][vc_row][vc_column width=\"1\/4\"][vc_column_text]<a href=\"http:\/\/www.dax.fr\/\"><img class=\"alignleft size-full wp-image-1051\" src=\"http:\/\/www.culture-dax.fr\/wp-content\/uploads\/2014\/10\/Copie-de-LOGOgeneriquegris.jpg\" alt=\"Copie de LOGOgeneriquegris\" width=\"102\" height=\"160\" \/><\/a>\n\n&nbsp;\n\n&nbsp;\n\n&nbsp;\n\n&nbsp;\n\n&nbsp;\n\nVille de Dax\n\n&nbsp;[\/vc_column_text][\/vc_column][vc_column width=\"1\/4\"][vc_column_text]<a href=\"http:\/\/www.dax-tourisme.com\/\"><img class=\"alignleft size-full wp-image-1052\" src=\"http:\/\/www.culture-dax.fr\/wp-content\/uploads\/2014\/10\/logo-ot-dax.jpg\" alt=\"logo-ot-dax\" width=\"108\" height=\"160\" \/><\/a>\n\n&nbsp;\n\n&nbsp;\n\n&nbsp;\n\n&nbsp;\n\n&nbsp;\n\n&nbsp;\n\nOffice de Tourisme de Dax[\/vc_column_text][\/vc_column][\/vc_row][vc_row][vc_column width=\"1\/4\"][vc_column_text]<a href=\"http:\/\/www.ffwushu.fr\/\"><img class=\"alignleft wp-image-1049 size-full\" src=\"http:\/\/www.culture-dax.fr\/wp-content\/uploads\/2014\/10\/7mf3s-FFW.png\" alt=\"7mf3s-FFW\" width=\"161\" height=\"160\" \/><\/a>\n\n&nbsp;\n\n&nbsp;\n\n&nbsp;\n\n&nbsp;\n\n&nbsp;\n\n&nbsp;\n\nF\u00e9d\u00e9ration Fran\u00e7aise de Wu Shu[\/vc_column_text][\/vc_column][vc_column width=\"3\/4\"][\/vc_column][\/vc_row][vc_row][vc_column width=\"1\/4\"][vc_column_text]<a href=\"http:\/\/www.astrosurf.com\/obsdax\/home.htm\"><img class=\"alignleft size-full wp-image-1053\" src=\"http:\/\/www.culture-dax.fr\/wp-content\/uploads\/2014\/10\/t\u00e9l\u00e9chargement.png\" alt=\"t\u00e9l\u00e9chargement\" width=\"183\" height=\"134\" \/><\/a>\n\n&nbsp;\n\n&nbsp;\n\n&nbsp;\n\n&nbsp;\n\nObservatoire de Dax[\/vc_column_text][\/vc_column][vc_column width=\"3\/4\"][\/vc_column][\/vc_row]","_et_gb_content_width":"","footnotes":""},"class_list":["post-31","page","type-page","status-publish","hentry"],"_links":{"self":[{"href":"https:\/\/www.culture-dax.fr\/index.php?rest_route=\/wp\/v2\/pages\/31","targetHints":{"allow":["GET"]}}],"collection":[{"href":"https:\/\/www.culture-dax.fr\/index.php?rest_route=\/wp\/v2\/pages"}],"about":[{"href":"https:\/\/www.culture-dax.fr\/index.php?rest_route=\/wp\/v2\/types\/page"}],"author":[{"embeddable":true,"href":"https:\/\/www.culture-dax.fr\/index.php?rest_route=\/wp\/v2\/users\/1"}],"replies":[{"embeddable":true,"href":"https:\/\/www.culture-dax.fr\/index.php?rest_route=%2Fwp%2Fv2%2Fcomments&post=31"}],"version-history":[{"count":7,"href":"https:\/\/www.culture-dax.fr\/index.php?rest_route=\/wp\/v2\/pages\/31\/revisions"}],"predecessor-version":[{"id":2796,"href":"https:\/\/www.culture-dax.fr\/index.php?rest_route=\/wp\/v2\/pages\/31\/revisions\/2796"}],"wp:attachment":[{"href":"https:\/\/www.culture-dax.fr\/index.php?rest_route=%2Fwp%2Fv2%2Fmedia&parent=31"}],"curies":[{"name":"wp","href":"https:\/\/api.w.org\/{rel}","templated":true}]}}