{"id":346,"date":"2014-10-29T17:23:12","date_gmt":"2014-10-29T16:23:12","guid":{"rendered":"http:\/\/www.culture-dax.fr\/?page_id=346"},"modified":"2025-07-09T09:40:30","modified_gmt":"2025-07-09T08:40:30","slug":"article-1-euskara-2","status":"publish","type":"page","link":"https:\/\/www.culture-dax.fr\/?page_id=346","title":{"rendered":"Basque"},"content":{"rendered":"<p>[et_pb_section fb_built=\u00a0\u00bb1&Prime; fullwidth=\u00a0\u00bbon\u00a0\u00bb theme_builder_area=\u00a0\u00bbpost_content\u00a0\u00bb _builder_version=\u00a0\u00bb4.25.0&Prime; _module_preset=\u00a0\u00bbdefault\u00a0\u00bb][et_pb_fullwidth_image src=\u00a0\u00bbhttp:\/\/www.culture-dax.fr\/wp-content\/uploads\/2014\/10\/euskara1.jpg\u00a0\u00bb _builder_version=\u00a0\u00bb4.25.0&Prime; _module_preset=\u00a0\u00bbdefault\u00a0\u00bb theme_builder_area=\u00a0\u00bbpost_content\u00a0\u00bb title_text=\u00a0\u00bbeuskara1&Prime; hover_enabled=\u00a0\u00bb0&Prime; sticky_enabled=\u00a0\u00bb0&Prime;][\/et_pb_fullwidth_image][\/et_pb_section][et_pb_section fb_built=\u00a0\u00bb1&Prime; admin_label=\u00a0\u00bbsection\u00a0\u00bb _builder_version=\u00a0\u00bb4.16&Prime; global_colors_info=\u00a0\u00bb{}\u00a0\u00bb][et_pb_row admin_label=\u00a0\u00bbrow\u00a0\u00bb _builder_version=\u00a0\u00bb4.16&Prime; background_size=\u00a0\u00bbinitial\u00a0\u00bb background_position=\u00a0\u00bbtop_left\u00a0\u00bb background_repeat=\u00a0\u00bbrepeat\u00a0\u00bb global_colors_info=\u00a0\u00bb{}\u00a0\u00bb][et_pb_column type=\u00a0\u00bb4_4&Prime; _builder_version=\u00a0\u00bb4.16&Prime; custom_padding=\u00a0\u00bb|||\u00a0\u00bb global_colors_info=\u00a0\u00bb{}\u00a0\u00bb custom_padding__hover=\u00a0\u00bb|||\u00a0\u00bb][et_pb_text admin_label=\u00a0\u00bbText\u00a0\u00bb _builder_version=\u00a0\u00bb4.25.0&Prime; background_size=\u00a0\u00bbinitial\u00a0\u00bb background_position=\u00a0\u00bbtop_left\u00a0\u00bb background_repeat=\u00a0\u00bbrepeat\u00a0\u00bb global_colors_info=\u00a0\u00bb{}\u00a0\u00bb]<\/p>\n<p>&nbsp;<\/p>\n<h1><span style=\"color: #993300;\">COURS DE BASQUE avec Kepa<\/span><\/h1>\n<p style=\"text-align: justify;\"><span style=\"font-family: arial, helvetica, sans-serif; font-size: 10pt;\">L&rsquo;euskara est certainement la plus vieille langue d&rsquo;Europe.<\/span><br \/><span style=\"font-family: arial, helvetica, sans-serif; font-size: 10pt;\"> Si ses origines sont un myst\u00e8re, sa survivance l&rsquo;est tout autant.<\/span><\/p>\n<p style=\"text-align: justify;\"><span style=\"font-family: arial, helvetica, sans-serif; font-size: 10pt;\">Les cours d&rsquo;euskara sont adress\u00e9s \u00e0 des \u00e9l\u00e8ves ayant d\u00e9j\u00e0 acquis des notions de cette langue.<\/span><br \/><span style=\"font-size: 10pt;\"> <span style=\"font-family: arial, helvetica, sans-serif;\">Nous utilisons la m\u00e9thode Bakarka pour l&rsquo;apprentissage de cette langue.<\/span><img loading=\"lazy\" decoding=\"async\" class=\"alignright wp-image-801 \" src=\"http:\/\/www.culture-dax.fr\/wp-content\/uploads\/2014\/10\/bakarka_.jpg\" alt=\"bakarka_\" width=\"165\" height=\"232\" srcset=\"https:\/\/www.culture-dax.fr\/wp-content\/uploads\/2014\/10\/bakarka_.jpg 355w, https:\/\/www.culture-dax.fr\/wp-content\/uploads\/2014\/10\/bakarka_-213x300.jpg 213w\" sizes=\"auto, (max-width: 165px) 100vw, 165px\" \/><\/span><\/p>\n<p style=\"text-align: justify;\"><span style=\"font-family: arial, helvetica, sans-serif; font-size: 10pt;\">Bakarka est une m\u00e9thode d\u2019apprentissage individuel de la langue basque (euskara). Les trois premiers volumes sont \u00e9quivalents aux niveaux A1 et A2 du Cadre commun europ\u00e9en de r\u00e9f\u00e9rence pour les langues, et les deux derniers aux niveaux sup\u00e9rieurs. Chaque chapitre propose une th\u00e9orie \u00e9l\u00e9mentaire et progressive ; des mod\u00e8les et structures \u00e0 m\u00e9moriser, et des exercices et des lectures programm\u00e9es.<br \/>Les cours peuvent \u00eatre compl\u00e9t\u00e9s par des exercices journaliers envoy\u00e9s par mail ou\u00a0par l&rsquo;\u00e9tude de documents, de vid\u00e9os ou d&rsquo;articles de journaux lors des rendez-vous hebdomadaires.<\/span><\/p>\n<p>&nbsp;<\/p>\n<p>[\/et_pb_text][\/et_pb_column][\/et_pb_row][\/et_pb_section]<\/p>\n","protected":false},"excerpt":{"rendered":"<p>&nbsp; COURS DE BASQUE avec Kepa L&rsquo;euskara est certainement la plus vieille langue d&rsquo;Europe. Si ses origines sont un myst\u00e8re, sa survivance l&rsquo;est tout autant. Les cours d&rsquo;euskara sont adress\u00e9s \u00e0 des \u00e9l\u00e8ves ayant d\u00e9j\u00e0 acquis des notions de cette langue. Nous utilisons la m\u00e9thode Bakarka pour l&rsquo;apprentissage de cette langue. Bakarka est une m\u00e9thode d\u2019apprentissage individuel de la langue basque (euskara). Les trois premiers volumes sont \u00e9quivalents aux niveaux A1 et A2 du Cadre commun europ\u00e9en de r\u00e9f\u00e9rence pour les langues, et les deux derniers aux niveaux sup\u00e9rieurs. Chaque chapitre propose une th\u00e9orie \u00e9l\u00e9mentaire et progressive ; des mod\u00e8les et structures \u00e0 m\u00e9moriser, et des exercices et des lectures programm\u00e9es.Les cours peuvent \u00eatre compl\u00e9t\u00e9s par des exercices journaliers envoy\u00e9s par mail ou\u00a0par l&rsquo;\u00e9tude de documents, de vid\u00e9os ou d&rsquo;articles de journaux lors des rendez-vous hebdomadaires. &nbsp;<\/p>\n","protected":false},"author":1,"featured_media":0,"parent":54,"menu_order":0,"comment_status":"closed","ping_status":"closed","template":"","meta":{"_et_pb_use_builder":"on","_et_pb_old_content":"<p>[vc_row][vc_column][rev_slider_vc alias=\"basque\"][\/vc_column][\/vc_row][vc_row][vc_column][vc_udesign_recent_posts title=\"Derniers commentaires du Blog\" num_posts=\"4\" post_offset=\"0\" num_words_limit=\"13\" show_date_author=\"\" show_more_link=\"yes\" more_link_text=\"En savoir +\" show_thumbs=\"yes\" remove_thumb_frame=\"\" thumb_frame_shadow=\"\" default_thumb=\"yes\" post_thumb_width=\"60\" post_thumb_height=\"60\" class=\"\" category_id=\"9\"][vc_column_text]<\/p>\n<h1><span style=\"color: #993300;\">COURS DE BASQUE avec Kepa<\/span><\/h1>\n<p style=\"text-align: justify;\"><span style=\"font-family: arial, helvetica, sans-serif; font-size: 10pt;\">L'euskara est certainement la plus vieille langue d'Europe.<\/span><br \/>\n<span style=\"font-family: arial, helvetica, sans-serif; font-size: 10pt;\"> Si ses origines sont un myst\u00e8re, sa survivance l'est tout autant.<\/span><\/p>\n<p style=\"text-align: justify;\"><span style=\"font-family: arial, helvetica, sans-serif; font-size: 10pt;\">Les cours d'euskara sont adress\u00e9s \u00e0 des \u00e9l\u00e8ves ayant d\u00e9j\u00e0 acquis des notions de cette langue.<\/span><br \/>\n<span style=\"font-size: 10pt;\"> <span style=\"font-family: arial, helvetica, sans-serif;\">Nous utilisons la m\u00e9thode Bakarka pour l'apprentissage de cette langue.<\/span><img class=\"alignright wp-image-801 \" src=\"http:\/\/www.culture-dax.fr\/wp-content\/uploads\/2014\/10\/bakarka_.jpg\" alt=\"bakarka_\" width=\"165\" height=\"232\" \/><\/span><\/p>\n<p style=\"text-align: justify;\"><span style=\"font-family: arial, helvetica, sans-serif; font-size: 10pt;\">Bakarka est une m\u00e9thode d\u2019apprentissage individuel de la langue basque (euskara). Les trois premiers volumes sont \u00e9quivalents aux niveaux A1 et A2 du Cadre commun europ\u00e9en de r\u00e9f\u00e9rence pour les langues, et les deux derniers aux niveaux sup\u00e9rieurs. Chaque chapitre propose une th\u00e9orie \u00e9l\u00e9mentaire et progressive ; des mod\u00e8les et structures \u00e0 m\u00e9moriser, et des exercices et des lectures programm\u00e9es.<br \/>\nLes cours peuvent \u00eatre compl\u00e9t\u00e9s par des exercices journaliers envoy\u00e9s par mail ou\u00a0par l'\u00e9tude de documents, de vid\u00e9os ou d'articles de journaux lors des rendez-vous hebdomadaires.<\/span><\/p>\n<p>[\/vc_column_text][\/vc_column][\/vc_row][vc_row][vc_column][vc_widget_sidebar][\/vc_column][\/vc_row]<\/p>\n","_et_gb_content_width":"","footnotes":""},"class_list":["post-346","page","type-page","status-publish","hentry"],"_links":{"self":[{"href":"https:\/\/www.culture-dax.fr\/index.php?rest_route=\/wp\/v2\/pages\/346","targetHints":{"allow":["GET"]}}],"collection":[{"href":"https:\/\/www.culture-dax.fr\/index.php?rest_route=\/wp\/v2\/pages"}],"about":[{"href":"https:\/\/www.culture-dax.fr\/index.php?rest_route=\/wp\/v2\/types\/page"}],"author":[{"embeddable":true,"href":"https:\/\/www.culture-dax.fr\/index.php?rest_route=\/wp\/v2\/users\/1"}],"replies":[{"embeddable":true,"href":"https:\/\/www.culture-dax.fr\/index.php?rest_route=%2Fwp%2Fv2%2Fcomments&post=346"}],"version-history":[{"count":60,"href":"https:\/\/www.culture-dax.fr\/index.php?rest_route=\/wp\/v2\/pages\/346\/revisions"}],"predecessor-version":[{"id":2841,"href":"https:\/\/www.culture-dax.fr\/index.php?rest_route=\/wp\/v2\/pages\/346\/revisions\/2841"}],"up":[{"embeddable":true,"href":"https:\/\/www.culture-dax.fr\/index.php?rest_route=\/wp\/v2\/pages\/54"}],"wp:attachment":[{"href":"https:\/\/www.culture-dax.fr\/index.php?rest_route=%2Fwp%2Fv2%2Fmedia&parent=346"}],"curies":[{"name":"wp","href":"https:\/\/api.w.org\/{rel}","templated":true}]}}