{"id":51,"date":"2014-10-24T15:02:52","date_gmt":"2014-10-24T14:02:52","guid":{"rendered":"http:\/\/www.culture-dax.fr\/?page_id=51"},"modified":"2025-08-26T16:45:04","modified_gmt":"2025-08-26T15:45:04","slug":"exemple-d-actualite","status":"publish","type":"page","link":"https:\/\/www.culture-dax.fr\/","title":{"rendered":"Accueil"},"content":{"rendered":"<p>[et_pb_section fb_built=\u00a0\u00bb1&Prime; fullwidth=\u00a0\u00bbon\u00a0\u00bb _builder_version=\u00a0\u00bb4.25.0&Prime; _module_preset=\u00a0\u00bbdefault\u00a0\u00bb global_colors_info=\u00a0\u00bb{}\u00a0\u00bb][et_pb_fullwidth_slider _builder_version=\u00a0\u00bb4.25.0&Prime; _module_preset=\u00a0\u00bbdefault\u00a0\u00bb background_image=\u00a0\u00bbhttp:\/\/www.culture-dax.fr\/wp-content\/uploads\/2019\/09\/acd_LOGO_web2019.jpg\u00a0\u00bb auto=\u00a0\u00bbon\u00a0\u00bb global_colors_info=\u00a0\u00bb{}\u00a0\u00bb][et_pb_slide _builder_version=\u00a0\u00bb4.25.0&Prime; _module_preset=\u00a0\u00bbdefault\u00a0\u00bb background_image=\u00a0\u00bbhttp:\/\/www.culture-dax.fr\/wp-content\/uploads\/2014\/10\/diap1.jpg\u00a0\u00bb background_enable_image=\u00a0\u00bbon\u00a0\u00bb global_colors_info=\u00a0\u00bb{}\u00a0\u00bb sticky_transition=\u00a0\u00bbon\u00a0\u00bb][\/et_pb_slide][et_pb_slide _builder_version=\u00a0\u00bb4.25.0&Prime; _module_preset=\u00a0\u00bbdefault\u00a0\u00bb background_image=\u00a0\u00bbhttp:\/\/www.culture-dax.fr\/wp-content\/uploads\/2014\/10\/anglais1.jpg\u00a0\u00bb background_enable_image=\u00a0\u00bbon\u00a0\u00bb global_colors_info=\u00a0\u00bb{}\u00a0\u00bb sticky_transition=\u00a0\u00bbon\u00a0\u00bb][\/et_pb_slide][et_pb_slide _builder_version=\u00a0\u00bb4.25.0&Prime; _module_preset=\u00a0\u00bbdefault\u00a0\u00bb background_image=\u00a0\u00bbhttp:\/\/www.culture-dax.fr\/wp-content\/uploads\/2014\/10\/espagnol1.jpg\u00a0\u00bb background_enable_image=\u00a0\u00bbon\u00a0\u00bb global_colors_info=\u00a0\u00bb{}\u00a0\u00bb sticky_transition=\u00a0\u00bbon\u00a0\u00bb][\/et_pb_slide][et_pb_slide _builder_version=\u00a0\u00bb4.25.0&Prime; _module_preset=\u00a0\u00bbdefault\u00a0\u00bb background_image=\u00a0\u00bbhttp:\/\/www.culture-dax.fr\/wp-content\/uploads\/2014\/11\/italiano0.jpg\u00a0\u00bb background_enable_image=\u00a0\u00bbon\u00a0\u00bb global_colors_info=\u00a0\u00bb{}\u00a0\u00bb sticky_transition=\u00a0\u00bbon\u00a0\u00bb][\/et_pb_slide][et_pb_slide _builder_version=\u00a0\u00bb4.25.0&Prime; _module_preset=\u00a0\u00bbdefault\u00a0\u00bb background_image=\u00a0\u00bbhttp:\/\/www.culture-dax.fr\/wp-content\/uploads\/2014\/11\/euskara0.jpg\u00a0\u00bb background_enable_image=\u00a0\u00bbon\u00a0\u00bb global_colors_info=\u00a0\u00bb{}\u00a0\u00bb sticky_transition=\u00a0\u00bbon\u00a0\u00bb][\/et_pb_slide][et_pb_slide _builder_version=\u00a0\u00bb4.25.0&Prime; _module_preset=\u00a0\u00bbdefault\u00a0\u00bb background_image=\u00a0\u00bbhttp:\/\/www.culture-dax.fr\/wp-content\/uploads\/2014\/10\/accueil-50a36443b1cc1.jpg\u00a0\u00bb background_enable_image=\u00a0\u00bbon\u00a0\u00bb global_colors_info=\u00a0\u00bb{}\u00a0\u00bb sticky_transition=\u00a0\u00bbon\u00a0\u00bb][\/et_pb_slide][et_pb_slide _builder_version=\u00a0\u00bb4.25.0&Prime; _module_preset=\u00a0\u00bbdefault\u00a0\u00bb background_image=\u00a0\u00bbhttp:\/\/www.culture-dax.fr\/wp-content\/uploads\/2014\/10\/informatique3.jpg\u00a0\u00bb background_enable_image=\u00a0\u00bbon\u00a0\u00bb global_colors_info=\u00a0\u00bb{}\u00a0\u00bb sticky_transition=\u00a0\u00bbon\u00a0\u00bb][\/et_pb_slide][et_pb_slide _builder_version=\u00a0\u00bb4.25.0&Prime; _module_preset=\u00a0\u00bbdefault\u00a0\u00bb background_image=\u00a0\u00bbhttp:\/\/www.culture-dax.fr\/wp-content\/uploads\/2025\/07\/activite_photo_acd.jpg\u00a0\u00bb background_enable_image=\u00a0\u00bbon\u00a0\u00bb global_colors_info=\u00a0\u00bb{}\u00a0\u00bb sticky_transition=\u00a0\u00bbon\u00a0\u00bb][\/et_pb_slide][et_pb_slide _builder_version=\u00a0\u00bb4.25.0&Prime; _module_preset=\u00a0\u00bbdefault\u00a0\u00bb background_image=\u00a0\u00bbhttp:\/\/www.culture-dax.fr\/wp-content\/uploads\/2025\/07\/video_acd-scaled.jpg\u00a0\u00bb background_enable_image=\u00a0\u00bbon\u00a0\u00bb global_colors_info=\u00a0\u00bb{}\u00a0\u00bb sticky_transition=\u00a0\u00bbon\u00a0\u00bb][\/et_pb_slide][et_pb_slide _builder_version=\u00a0\u00bb4.25.0&Prime; _module_preset=\u00a0\u00bbdefault\u00a0\u00bb background_image=\u00a0\u00bbhttp:\/\/www.culture-dax.fr\/wp-content\/uploads\/2014\/10\/taichi1.jpg\u00a0\u00bb background_enable_image=\u00a0\u00bbon\u00a0\u00bb global_colors_info=\u00a0\u00bb{}\u00a0\u00bb sticky_transition=\u00a0\u00bbon\u00a0\u00bb][\/et_pb_slide][et_pb_slide _builder_version=\u00a0\u00bb4.25.0&Prime; _module_preset=\u00a0\u00bbdefault\u00a0\u00bb background_image=\u00a0\u00bbhttp:\/\/www.culture-dax.fr\/wp-content\/uploads\/2025\/01\/pilates1-e1752053302132.jpg\u00a0\u00bb background_enable_image=\u00a0\u00bbon\u00a0\u00bb global_colors_info=\u00a0\u00bb{}\u00a0\u00bb sticky_transition=\u00a0\u00bbon\u00a0\u00bb][\/et_pb_slide][et_pb_slide _builder_version=\u00a0\u00bb4.25.0&Prime; _module_preset=\u00a0\u00bbdefault\u00a0\u00bb background_image=\u00a0\u00bbhttp:\/\/www.culture-dax.fr\/wp-content\/uploads\/2014\/10\/sophrologie.jpg\u00a0\u00bb background_enable_image=\u00a0\u00bbon\u00a0\u00bb global_colors_info=\u00a0\u00bb{}\u00a0\u00bb sticky_transition=\u00a0\u00bbon\u00a0\u00bb][\/et_pb_slide][et_pb_slide _builder_version=\u00a0\u00bb4.25.0&Prime; _module_preset=\u00a0\u00bbdefault\u00a0\u00bb background_image=\u00a0\u00bbhttp:\/\/www.culture-dax.fr\/wp-content\/uploads\/2014\/10\/theatre1.jpg\u00a0\u00bb background_enable_image=\u00a0\u00bbon\u00a0\u00bb global_colors_info=\u00a0\u00bb{}\u00a0\u00bb sticky_transition=\u00a0\u00bbon\u00a0\u00bb][\/et_pb_slide][et_pb_slide _builder_version=\u00a0\u00bb4.25.0&Prime; _module_preset=\u00a0\u00bbdefault\u00a0\u00bb background_image=\u00a0\u00bbhttp:\/\/www.culture-dax.fr\/wp-content\/uploads\/2014\/11\/poterie1.jpg\u00a0\u00bb background_enable_image=\u00a0\u00bbon\u00a0\u00bb global_colors_info=\u00a0\u00bb{}\u00a0\u00bb sticky_transition=\u00a0\u00bbon\u00a0\u00bb][\/et_pb_slide][et_pb_slide _builder_version=\u00a0\u00bb4.25.0&Prime; _module_preset=\u00a0\u00bbdefault\u00a0\u00bb background_image=\u00a0\u00bbhttp:\/\/www.culture-dax.fr\/wp-content\/uploads\/2014\/10\/diap41.jpg\u00a0\u00bb background_enable_image=\u00a0\u00bbon\u00a0\u00bb global_colors_info=\u00a0\u00bb{}\u00a0\u00bb sticky_transition=\u00a0\u00bbon\u00a0\u00bb][\/et_pb_slide][et_pb_slide _builder_version=\u00a0\u00bb4.25.0&Prime; _module_preset=\u00a0\u00bbdefault\u00a0\u00bb background_image=\u00a0\u00bbhttp:\/\/www.culture-dax.fr\/wp-content\/uploads\/2014\/10\/acd_m078_4.jpg\u00a0\u00bb background_enable_image=\u00a0\u00bbon\u00a0\u00bb global_colors_info=\u00a0\u00bb{}\u00a0\u00bb sticky_transition=\u00a0\u00bbon\u00a0\u00bb][\/et_pb_slide][et_pb_slide _builder_version=\u00a0\u00bb4.25.0&Prime; _module_preset=\u00a0\u00bbdefault\u00a0\u00bb background_image=\u00a0\u00bbhttp:\/\/www.culture-dax.fr\/wp-content\/uploads\/2024\/09\/DSC_5260-e1752054306162.jpg\u00a0\u00bb background_enable_image=\u00a0\u00bbon\u00a0\u00bb global_colors_info=\u00a0\u00bb{}\u00a0\u00bb sticky_transition=\u00a0\u00bbon\u00a0\u00bb][\/et_pb_slide][\/et_pb_fullwidth_slider][\/et_pb_section][et_pb_section fb_built=\u00a0\u00bb1&Prime; _builder_version=\u00a0\u00bb4.25.0&Prime; _module_preset=\u00a0\u00bbdefault\u00a0\u00bb global_colors_info=\u00a0\u00bb{}\u00a0\u00bb][et_pb_row admin_label=\u00a0\u00bbLigne\u00a0\u00bb _builder_version=\u00a0\u00bb4.25.0&Prime; _module_preset=\u00a0\u00bbdefault\u00a0\u00bb global_colors_info=\u00a0\u00bb{}\u00a0\u00bb][et_pb_column type=\u00a0\u00bb4_4&Prime; _builder_version=\u00a0\u00bb4.25.0&Prime; _module_preset=\u00a0\u00bbdefault\u00a0\u00bb global_colors_info=\u00a0\u00bb{}\u00a0\u00bb][et_pb_text _builder_version=\u00a0\u00bb4.25.0&Prime; _module_preset=\u00a0\u00bbdefault\u00a0\u00bb hover_enabled=\u00a0\u00bb0&Prime; sticky_enabled=\u00a0\u00bb0&Prime; animation_style=\u00a0\u00bbflip\u00a0\u00bb text_line_height=\u00a0\u00bb2em\u00a0\u00bb text_text_shadow_style=\u00a0\u00bbpreset1&Prime; text_text_color=\u00a0\u00bb#E02B20&Prime;]<\/p>\n<h3 style=\"text-align: center;\">La reprise de tous les ateliers aura lieu la semaine du 15 septembre 2025 ,<br \/>sauf pour les ateliers th\u00e9\u00e2tre qui reprendront la semaine du 8 septembre<\/h3>\n<p>[\/et_pb_text][\/et_pb_column][\/et_pb_row][et_pb_row admin_label=\u00a0\u00bbLigne\u00a0\u00bb _builder_version=\u00a0\u00bb4.25.0&Prime; _module_preset=\u00a0\u00bbdefault\u00a0\u00bb global_colors_info=\u00a0\u00bb{}\u00a0\u00bb][et_pb_column type=\u00a0\u00bb4_4&Prime; _builder_version=\u00a0\u00bb4.25.0&Prime; _module_preset=\u00a0\u00bbdefault\u00a0\u00bb global_colors_info=\u00a0\u00bb{}\u00a0\u00bb][et_pb_text _builder_version=\u00a0\u00bb4.25.0&Prime; _module_preset=\u00a0\u00bbdefault\u00a0\u00bb hover_enabled=\u00a0\u00bb0&Prime; global_colors_info=\u00a0\u00bb{}\u00a0\u00bb sticky_enabled=\u00a0\u00bb0&Prime;]<\/p>\n<h1><span>ACCUEIL<\/span><\/h1>\n<p>Chers Visiteurs,<\/p>\n<p>Chers Adh\u00e9rents,<\/p>\n<p>Un grand merci pour votre visite sur le site de l\u2019ASSOCIATION CULTURELLE DE DAX (ACD).<\/p>\n<p>Bienvenue\u00a0 \u00e0 celles et ceux qui d\u00e9couvrent notre association et toute notre reconnaissance \u00e0 nos adh\u00e9rents pour leur confiance et leur fid\u00e9lit\u00e9.<\/p>\n<p>L\u2019ACD souhaite, pour tous, l\u2019acc\u00e8s \u00e0 la culture, aux loisirs, aux activit\u00e9s artistiques, au bien-\u00eatre et au sport avec pour fil conducteur empathie, partage et convivialit\u00e9.<\/p>\n<p>Que chacun puisse y trouver un temps pour soi, et ainsi \u00e9panouissement et s\u00e9r\u00e9nit\u00e9.<\/p>\n<p>Vous trouverez sur ce site le panel des activit\u00e9s propos\u00e9es, men\u00e9es par des professeurs et animateurs reconnus qui partagent cette philosophie de l\u2019associatif, ce d\u00e9sir de transmettre, et dont l\u2019implication est sans commune mesure.<\/p>\n<p>Nous restons \u00e0 votre disposition par t\u00e9l\u00e9phone (05 58 74 31 67) par mail (<a href=\"mailto:acd40@outlook.fr\">acd40@outlook.fr<\/a>) ou dans les locaux de l\u2019association, 3, rue du Palais \u00e0 DAX : vous y serez chaleureusement accueillis par Jo\u00eblle pour qui l\u2019ACD n\u2019a plus de secrets, tous les apr\u00e8s-midis de 15h \u00e0 19h du mardi au vendredi.<\/p>\n<p>Habitants de DAX ou de ses environs, curistes, \u00e9tudiants, vacanciers ou vous qui \u00eates de passage, n\u2019h\u00e9sitez plus \u00e0 nous contacter\u00a0: notre meilleur accueil vous est d\u2019ores et d\u00e9j\u00e0 r\u00e9serv\u00e9.<\/p>\n<p>Au plaisir de vous rencontrer.<\/p>\n<p>La pr\u00e9sidente,<\/p>\n<p>[\/et_pb_text][\/et_pb_column][\/et_pb_row][\/et_pb_section]<\/p>\n","protected":false},"excerpt":{"rendered":"<p>La reprise de tous les ateliers aura lieu la semaine du 15 septembre 2025 ,sauf pour les ateliers th\u00e9\u00e2tre qui reprendront la semaine du 8 septembreACCUEIL Chers Visiteurs, Chers Adh\u00e9rents, Un grand merci pour votre visite sur le site de l\u2019ASSOCIATION CULTURELLE DE DAX (ACD). Bienvenue\u00a0 \u00e0 celles et ceux qui d\u00e9couvrent notre association et toute notre reconnaissance \u00e0 nos adh\u00e9rents pour leur confiance et leur fid\u00e9lit\u00e9. L\u2019ACD souhaite, pour tous, l\u2019acc\u00e8s \u00e0 la culture, aux loisirs, aux activit\u00e9s artistiques, au bien-\u00eatre et au sport avec pour fil conducteur empathie, partage et convivialit\u00e9. Que chacun puisse y trouver un temps pour soi, et ainsi \u00e9panouissement et s\u00e9r\u00e9nit\u00e9. Vous trouverez sur ce site le panel des activit\u00e9s propos\u00e9es, men\u00e9es par des professeurs et animateurs reconnus qui partagent cette philosophie de l\u2019associatif, ce d\u00e9sir de transmettre, et dont l\u2019implication est sans commune mesure. Nous restons \u00e0 votre disposition par t\u00e9l\u00e9phone (05 58 74 31 67) par mail (acd40@outlook.fr) ou dans les locaux de l\u2019association, 3, rue du Palais \u00e0 DAX : vous y serez chaleureusement accueillis par Jo\u00eblle pour qui l\u2019ACD n\u2019a plus de secrets, tous les apr\u00e8s-midis de 15h \u00e0 19h du mardi au vendredi. Habitants de DAX ou de ses [&hellip;]<\/p>\n","protected":false},"author":3,"featured_media":0,"parent":0,"menu_order":0,"comment_status":"closed","ping_status":"closed","template":"","meta":{"_et_pb_use_builder":"on","_et_pb_old_content":"<h1><span style=\"color: #993300;\">ACCUEIL<\/span><\/h1>\nChers Visiteurs,\n\nChers Adh\u00e9rents,\n\nUn grand merci pour votre visite sur le site de l\u2019ASSOCIATION CULTURELLE DE DAX (ACD).\n\nBienvenue\u00a0 \u00e0 celles et ceux qui d\u00e9couvrent notre association et toute notre reconnaissance \u00e0 nos adh\u00e9rents pour leur confiance et leur fid\u00e9lit\u00e9.\n\nMajoritairement compos\u00e9e de b\u00e9n\u00e9voles,\u00a0 l\u2019ACD souhaite, pour tous, l\u2019acc\u00e8s \u00e0 la culture, aux loisirs, aux activit\u00e9s artistiques, au bien-\u00eatre et au sport avec pour fil conducteur empathie, partage et convivialit\u00e9.\n\nQue chacun puisse y trouver un temps pour soi, et ainsi \u00e9panouissement et s\u00e9r\u00e9nit\u00e9.\n\nVous trouverez sur ce site le panel des activit\u00e9s propos\u00e9es, men\u00e9es par des professeurs et animateurs reconnus qui partagent cette philosophie de l\u2019associatif, ce d\u00e9sir de transmettre, et dont l\u2019implication est sans commune mesure.\n\nNous restons \u00e0 votre disposition par t\u00e9l\u00e9phone (05 58 74 31 67) par mail (<a href=\"mailto:acd40@outlook.fr\">acd40@outlook.fr<\/a>) ou dans les locaux de l\u2019association, 3, rue du Palais \u00e0 DAX\u00a0: vous y serez chaleureusement accueillis par Jo\u00eblle pour qui l\u2019ACD n\u2019a plus de secrets, le mardi, et tous les apr\u00e8s-midis du mercredi au vendredi.\n\nHabitants de DAX ou de ses environs, curistes, \u00e9tudiants, vacanciers ou vous qui \u00eates de passage, n\u2019h\u00e9sitez plus \u00e0 nous contacter\u00a0: notre meilleur accueil vous est d\u2019ores et d\u00e9j\u00e0 r\u00e9serv\u00e9.\n\nAu plaisir de vous rencontrer.\n\nLa pr\u00e9sidente,","_et_gb_content_width":"","footnotes":""},"class_list":["post-51","page","type-page","status-publish","hentry"],"_links":{"self":[{"href":"https:\/\/www.culture-dax.fr\/index.php?rest_route=\/wp\/v2\/pages\/51","targetHints":{"allow":["GET"]}}],"collection":[{"href":"https:\/\/www.culture-dax.fr\/index.php?rest_route=\/wp\/v2\/pages"}],"about":[{"href":"https:\/\/www.culture-dax.fr\/index.php?rest_route=\/wp\/v2\/types\/page"}],"author":[{"embeddable":true,"href":"https:\/\/www.culture-dax.fr\/index.php?rest_route=\/wp\/v2\/users\/3"}],"replies":[{"embeddable":true,"href":"https:\/\/www.culture-dax.fr\/index.php?rest_route=%2Fwp%2Fv2%2Fcomments&post=51"}],"version-history":[{"count":157,"href":"https:\/\/www.culture-dax.fr\/index.php?rest_route=\/wp\/v2\/pages\/51\/revisions"}],"predecessor-version":[{"id":3010,"href":"https:\/\/www.culture-dax.fr\/index.php?rest_route=\/wp\/v2\/pages\/51\/revisions\/3010"}],"wp:attachment":[{"href":"https:\/\/www.culture-dax.fr\/index.php?rest_route=%2Fwp%2Fv2%2Fmedia&parent=51"}],"curies":[{"name":"wp","href":"https:\/\/api.w.org\/{rel}","templated":true}]}}