{"id":54,"date":"2014-10-24T15:04:33","date_gmt":"2014-10-24T14:04:33","guid":{"rendered":"http:\/\/www.culture-dax.fr\/?page_id=54"},"modified":"2025-06-20T09:24:17","modified_gmt":"2025-06-20T08:24:17","slug":"langues","status":"publish","type":"page","link":"https:\/\/www.culture-dax.fr\/?page_id=54","title":{"rendered":"Langues"},"content":{"rendered":"<p>[vc_row][vc_column][rev_slider_vc alias=\u00a0\u00bbacd\u00a0\u00bb][\/vc_column][\/vc_row][vc_row][vc_column width=\u00a0\u00bb1\/4&Prime;][vc_widget_sidebar sidebar_id=\u00a0\u00bbsidebar-20&Prime;][\/vc_column][vc_column width=\u00a0\u00bb3\/4&Prime;][vc_column_text]<\/p>\n<h1><strong><span style=\"color: #993300;\">LANGUES<\/span><\/strong><\/h1>\n<p>[\/vc_column_text][vc_row_inner][vc_column_inner width=\u00a0\u00bb1\/4&Prime;][vc_button2 title=\u00a0\u00bbAnglais\u00a0\u00bb link=\u00a0\u00bburl:http%3A%2F%2Fwww.culture-dax.fr%2F%3Fpage_id%3D56||\u00a0\u00bb][\/vc_column_inner][vc_column_inner width=\u00a0\u00bb1\/4&Prime;][vc_button2 title=\u00a0\u00bbEspagnol\u00a0\u00bb color=\u00a0\u00bbvista_blue\u00a0\u00bb link=\u00a0\u00bburl:http%3A%2F%2Fwww.culture-dax.fr%2F%3Fpage_id%3D59||\u00a0\u00bb][\/vc_column_inner][vc_column_inner width=\u00a0\u00bb1\/4&Prime;][vc_button2 title=\u00a0\u00bbItalien\u00a0\u00bb color=\u00a0\u00bbturquoise\u00a0\u00bb link=\u00a0\u00bburl:http%3A%2F%2Fwww.culture-dax.fr%2F%3Fpage_id%3D61||\u00a0\u00bb][\/vc_column_inner][vc_column_inner width=\u00a0\u00bb1\/4&Prime;][vc_button2 title=\u00a0\u00bbBasque\u00a0\u00bb color=\u00a0\u00bborange\u00a0\u00bb link=\u00a0\u00bburl:http%3A%2F%2Fwww.culture-dax.fr%2F%3Fpage_id%3D346||\u00a0\u00bb][\/vc_column_inner][\/vc_row_inner][vc_row_inner][vc_column_inner width=\u00a0\u00bb1\/4&Prime;][\/vc_column_inner][vc_column_inner width=\u00a0\u00bb1\/4&Prime;][\/vc_column_inner][vc_column_inner width=\u00a0\u00bb1\/4&Prime;][\/vc_column_inner][vc_column_inner width=\u00a0\u00bb1\/4&Prime;][\/vc_column_inner][\/vc_row_inner][vc_column_text]<span style=\"color: #000080;\"><strong>APPRENDRE LES LANGUES<\/strong><\/span><\/p>\n<p>Les langues s&rsquo;adressent \u00e0 tous, et ce ind\u00e9pendamment de l&rsquo;\u00e2ge et des raisons qui incitent \u00e0 les apprendre. Elles aident \u00e0 faire tomber aussi bien les barri\u00e8res personnelles que les barri\u00e8res nationales, permettant aux europ\u00e9ens de communiquer entre eux, de travailler ensemble et de se d\u00e9placer d&rsquo;un pays \u00e0 l&rsquo;autre.<\/p>\n<p>A l&rsquo;Association Culturelle de Dax vous trouverez :<\/p>\n<p>&#8211; un professeur comp\u00e9tent<\/p>\n<p>&#8211; de petits groupes<\/p>\n<p>&#8211; des cours de niveau (du d\u00e9butant \u00e0 des cours de conversation)<\/p>\n<p>&#8211; une bonne ambiance<\/p>\n<p><strong>Venez apprendre en vous faisant plaisir<\/strong><br \/>\n<span style=\"color: #000080;\"><strong>ANGLAIS<\/strong><\/span> avec Katrina DALHMAN et Isabelle BAUMANN<\/p>\n<p><span style=\"color: #000080;\"><strong>ESPAGNOL<\/strong><\/span> avec Maryke PELLERIN et Esther ROLDAN<\/p>\n<p><strong><span style=\"color: #000080;\">BASQUE<\/span>\u00a0<\/strong>\u00a0avec Kepa ZUBILLAGA<\/p>\n<p><strong><span style=\"color: #000080;\">ITALIEN<\/span>\u00a0<\/strong> avec Monique KORUPSKI.<\/p>\n<p>&nbsp;[\/vc_column_text][\/vc_column][\/vc_row]<\/p>\n","protected":false},"excerpt":{"rendered":"<p>[vc_row][vc_column][rev_slider_vc alias=\u00a0\u00bbacd\u00a0\u00bb][\/vc_column][\/vc_row][vc_row][vc_column width=\u00a0\u00bb1\/4&Prime;][vc_widget_sidebar sidebar_id=\u00a0\u00bbsidebar-20&Prime;][\/vc_column][vc_column width=\u00a0\u00bb3\/4&Prime;][vc_column_text] LANGUES [\/vc_column_text][vc_row_inner][vc_column_inner width=\u00a0\u00bb1\/4&Prime;][vc_button2 title=\u00a0\u00bbAnglais\u00a0\u00bb link=\u00a0\u00bburl:http%3A%2F%2Fwww.culture-dax.fr%2F%3Fpage_id%3D56||\u00a0\u00bb][\/vc_column_inner][vc_column_inner width=\u00a0\u00bb1\/4&Prime;][vc_button2 title=\u00a0\u00bbEspagnol\u00a0\u00bb color=\u00a0\u00bbvista_blue\u00a0\u00bb link=\u00a0\u00bburl:http%3A%2F%2Fwww.culture-dax.fr%2F%3Fpage_id%3D59||\u00a0\u00bb][\/vc_column_inner][vc_column_inner width=\u00a0\u00bb1\/4&Prime;][vc_button2 title=\u00a0\u00bbItalien\u00a0\u00bb color=\u00a0\u00bbturquoise\u00a0\u00bb link=\u00a0\u00bburl:http%3A%2F%2Fwww.culture-dax.fr%2F%3Fpage_id%3D61||\u00a0\u00bb][\/vc_column_inner][vc_column_inner width=\u00a0\u00bb1\/4&Prime;][vc_button2 title=\u00a0\u00bbBasque\u00a0\u00bb color=\u00a0\u00bborange\u00a0\u00bb link=\u00a0\u00bburl:http%3A%2F%2Fwww.culture-dax.fr%2F%3Fpage_id%3D346||\u00a0\u00bb][\/vc_column_inner][\/vc_row_inner][vc_row_inner][vc_column_inner width=\u00a0\u00bb1\/4&Prime;][\/vc_column_inner][vc_column_inner width=\u00a0\u00bb1\/4&Prime;][\/vc_column_inner][vc_column_inner width=\u00a0\u00bb1\/4&Prime;][\/vc_column_inner][vc_column_inner width=\u00a0\u00bb1\/4&Prime;][\/vc_column_inner][\/vc_row_inner][vc_column_text]APPRENDRE LES LANGUES Les langues s&rsquo;adressent \u00e0 tous, et ce ind\u00e9pendamment de l&rsquo;\u00e2ge et des raisons qui incitent \u00e0 les apprendre. Elles aident \u00e0 faire tomber aussi bien les barri\u00e8res [&hellip;]<\/p>\n","protected":false},"author":1,"featured_media":0,"parent":39,"menu_order":0,"comment_status":"closed","ping_status":"closed","template":"page-FullWidth.php","meta":{"_et_pb_use_builder":"","_et_pb_old_content":"","_et_gb_content_width":"","footnotes":""},"class_list":["post-54","page","type-page","status-publish","hentry"],"_links":{"self":[{"href":"https:\/\/www.culture-dax.fr\/index.php?rest_route=\/wp\/v2\/pages\/54","targetHints":{"allow":["GET"]}}],"collection":[{"href":"https:\/\/www.culture-dax.fr\/index.php?rest_route=\/wp\/v2\/pages"}],"about":[{"href":"https:\/\/www.culture-dax.fr\/index.php?rest_route=\/wp\/v2\/types\/page"}],"author":[{"embeddable":true,"href":"https:\/\/www.culture-dax.fr\/index.php?rest_route=\/wp\/v2\/users\/1"}],"replies":[{"embeddable":true,"href":"https:\/\/www.culture-dax.fr\/index.php?rest_route=%2Fwp%2Fv2%2Fcomments&post=54"}],"version-history":[{"count":17,"href":"https:\/\/www.culture-dax.fr\/index.php?rest_route=\/wp\/v2\/pages\/54\/revisions"}],"predecessor-version":[{"id":2722,"href":"https:\/\/www.culture-dax.fr\/index.php?rest_route=\/wp\/v2\/pages\/54\/revisions\/2722"}],"up":[{"embeddable":true,"href":"https:\/\/www.culture-dax.fr\/index.php?rest_route=\/wp\/v2\/pages\/39"}],"wp:attachment":[{"href":"https:\/\/www.culture-dax.fr\/index.php?rest_route=%2Fwp%2Fv2%2Fmedia&parent=54"}],"curies":[{"name":"wp","href":"https:\/\/api.w.org\/{rel}","templated":true}]}}