{"id":59,"date":"2014-10-24T15:05:31","date_gmt":"2014-10-24T14:05:31","guid":{"rendered":"http:\/\/www.culture-dax.fr\/?page_id=59"},"modified":"2025-07-09T09:37:40","modified_gmt":"2025-07-09T08:37:40","slug":"bienvenue-2","status":"publish","type":"page","link":"https:\/\/www.culture-dax.fr\/?page_id=59","title":{"rendered":"Espagnol"},"content":{"rendered":"<p>[et_pb_section fb_built=\u00a0\u00bb1&Prime; fullwidth=\u00a0\u00bbon\u00a0\u00bb theme_builder_area=\u00a0\u00bbpost_content\u00a0\u00bb _builder_version=\u00a0\u00bb4.25.0&Prime; _module_preset=\u00a0\u00bbdefault\u00a0\u00bb][et_pb_fullwidth_image src=\u00a0\u00bbhttp:\/\/www.culture-dax.fr\/wp-content\/uploads\/2014\/10\/espagnol1.jpg\u00a0\u00bb _builder_version=\u00a0\u00bb4.25.0&Prime; _module_preset=\u00a0\u00bbdefault\u00a0\u00bb theme_builder_area=\u00a0\u00bbpost_content\u00a0\u00bb title_text=\u00a0\u00bbespagnol1&Prime; hover_enabled=\u00a0\u00bb0&Prime; sticky_enabled=\u00a0\u00bb0&Prime;][\/et_pb_fullwidth_image][\/et_pb_section][et_pb_section fb_built=\u00a0\u00bb1&Prime; admin_label=\u00a0\u00bbsection\u00a0\u00bb _builder_version=\u00a0\u00bb4.16&Prime; global_colors_info=\u00a0\u00bb{}\u00a0\u00bb][et_pb_row admin_label=\u00a0\u00bbrow\u00a0\u00bb _builder_version=\u00a0\u00bb4.16&Prime; background_size=\u00a0\u00bbinitial\u00a0\u00bb background_position=\u00a0\u00bbtop_left\u00a0\u00bb background_repeat=\u00a0\u00bbrepeat\u00a0\u00bb global_colors_info=\u00a0\u00bb{}\u00a0\u00bb][et_pb_column type=\u00a0\u00bb4_4&Prime; _builder_version=\u00a0\u00bb4.16&Prime; custom_padding=\u00a0\u00bb|||\u00a0\u00bb global_colors_info=\u00a0\u00bb{}\u00a0\u00bb custom_padding__hover=\u00a0\u00bb|||\u00a0\u00bb][et_pb_text admin_label=\u00a0\u00bbText\u00a0\u00bb _builder_version=\u00a0\u00bb4.25.0&Prime; background_size=\u00a0\u00bbinitial\u00a0\u00bb background_position=\u00a0\u00bbtop_left\u00a0\u00bb background_repeat=\u00a0\u00bbrepeat\u00a0\u00bb global_colors_info=\u00a0\u00bb{}\u00a0\u00bb]<\/p>\n<p>&nbsp;<\/p>\n<h1><span style=\"color: #993300;\">COURS D&rsquo;ESPAGNOL<\/span><\/h1>\n<p>&nbsp;<\/p>\n<h3><span style=\"color: #993300;\">Intervenants : Maryke\u00a0 &amp; <\/span><span style=\"color: #993300;\">Esther\u00a0<\/span><\/h3>\n<p>&nbsp;<\/p>\n<h3><span style=\"color: #993300;\"><\/span><span style=\"font-family: arial, helvetica, sans-serif; font-size: 10pt;\"><strong>Activit\u00e9s et leur fonctionnement<\/strong><strong>\u00a0:<\/strong><\/span><\/h3>\n<p>Cours du niveau d\u00e9butants au niveau avanc\u00e9s avec Maryke et niveau conversation avec Esther<\/p>\n<p>L\u2019apprentissage se fait sur diff\u00e9rents supports (textes, vid\u00e9os, lecture d\u2019un livre\u2026). Utilisation d\u2019une m\u00e9thode en fonction des niveaux.<\/p>\n<p>A travers l\u2019utilisation de divers supports (articles de journaux, \u00e9coutes radio, films, reportages vid\u00e9os, entretiens t\u00e9l\u00e9vis\u00e9s\u2026) le groupe de conversation participe oralement autour d\u2019un sujet d\u2019actualit\u00e9.<\/p>\n<p>A la fin de chaque sujet un point grammatical est travaill\u00e9 (imp\u00e9ratif, ser\/estar\/pronoms compl\u00e9ments, emploi indicatif\/subjonctif\u2026)<\/p>\n<p>Egalement des expressions langagi\u00e8res en lien avec chaque sujet sont abord\u00e9es.<\/p>\n<p><span style=\"font-family: arial, helvetica, sans-serif; font-size: 10pt;\">\u00a0<\/span><\/p>\n<p><span style=\"font-family: arial, helvetica, sans-serif; font-size: 10pt;\"><strong>R\u00e9alisations particuli\u00e8res<\/strong><strong>\u00a0:<\/strong><\/span><\/p>\n<p>* L\u2019article de journal : \u00ab\u00a0El Camino de Santiago : una experiencia de transformacion espiritual y testimonios de vida\u00a0\u00bb &#8211; Por\u00a0 qu\u00e9 protestan los agricultores en Espa\u00f1a ? \u2013 etc\u2026<\/p>\n<p>* Recettes de cuisine : la tarta de Santiago (vid\u00e9o) \u2013 Torrijas o torrejas \u2026.<\/p>\n<p>* Ecoute radio : Sequia, burocracia y precios disparados<\/p>\n<p>* Tableau de Goya : El dos y el tres de mayo<\/p>\n<p>[\/et_pb_text][\/et_pb_column][\/et_pb_row][\/et_pb_section]<\/p>\n","protected":false},"excerpt":{"rendered":"<p>&nbsp; COURS D&rsquo;ESPAGNOL &nbsp; Intervenants : Maryke\u00a0 &amp; Esther\u00a0 &nbsp; Activit\u00e9s et leur fonctionnement\u00a0: Cours du niveau d\u00e9butants au niveau avanc\u00e9s avec Maryke et niveau conversation avec Esther L\u2019apprentissage se fait sur diff\u00e9rents supports (textes, vid\u00e9os, lecture d\u2019un livre\u2026). Utilisation d\u2019une m\u00e9thode en fonction des niveaux. A travers l\u2019utilisation de divers supports (articles de journaux, \u00e9coutes radio, films, reportages vid\u00e9os, entretiens t\u00e9l\u00e9vis\u00e9s\u2026) le groupe de conversation participe oralement autour d\u2019un sujet d\u2019actualit\u00e9. A la fin de chaque sujet un point grammatical est travaill\u00e9 (imp\u00e9ratif, ser\/estar\/pronoms compl\u00e9ments, emploi indicatif\/subjonctif\u2026) Egalement des expressions langagi\u00e8res en lien avec chaque sujet sont abord\u00e9es. \u00a0 R\u00e9alisations particuli\u00e8res\u00a0: * L\u2019article de journal : \u00ab\u00a0El Camino de Santiago : una experiencia de transformacion espiritual y testimonios de vida\u00a0\u00bb &#8211; Por\u00a0 qu\u00e9 protestan los agricultores en Espa\u00f1a ? \u2013 etc\u2026 * Recettes de cuisine : la tarta de Santiago (vid\u00e9o) \u2013 Torrijas o torrejas \u2026. * Ecoute radio : Sequia, burocracia y precios disparados * Tableau de Goya : El dos y el tres de mayo<\/p>\n","protected":false},"author":1,"featured_media":0,"parent":54,"menu_order":0,"comment_status":"closed","ping_status":"closed","template":"","meta":{"_et_pb_use_builder":"on","_et_pb_old_content":"<p>[vc_row][vc_column][rev_slider_vc alias=\"espagnol\"][\/vc_column][\/vc_row][vc_row][vc_column][vc_udesign_recent_posts title=\"Derniers commentaires du Blog\" num_posts=\"4\" post_offset=\"0\" num_words_limit=\"13\" show_date_author=\"\" show_more_link=\"yes\" more_link_text=\"En savoir +\" show_thumbs=\"yes\" remove_thumb_frame=\"\" thumb_frame_shadow=\"\" default_thumb=\"yes\" post_thumb_width=\"60\" post_thumb_height=\"60\" class=\"\" category_id=\"8\"][vc_column_text]<\/p>\n<h1><span style=\"color: #993300;\">COURS D'ESPAGNOL<\/span><\/h1>\n<p>[\/vc_column_text][\/vc_column][\/vc_row][vc_row][vc_column width=\"3\/4\"][vc_column_text]<\/p>\n<h3><span style=\"color: #993300;\">Intervenants : Maryke\u00a0 &amp; <\/span><span style=\"color: #993300;\">Esther<\/p>\n<p><\/span><span style=\"font-family: arial, helvetica, sans-serif; font-size: 10pt;\"><strong>Activit\u00e9s et leur fonctionnement<\/strong><strong>\u00a0:<\/strong><\/span><\/h3>\n<p>Cours du niveau d\u00e9butants au niveau avanc\u00e9s avec Maryke et niveau conversation avec Esther<\/p>\n<p>L\u2019apprentissage se fait sur diff\u00e9rents supports (textes, vid\u00e9os, lecture d\u2019un livre\u2026). Utilisation d\u2019une m\u00e9thode en fonction des niveaux.<\/p>\n<p>A travers l\u2019utilisation de divers supports (articles de journaux, \u00e9coutes radio, films, reportages vid\u00e9os, entretiens t\u00e9l\u00e9vis\u00e9s\u2026) le groupe de conversation participe oralement autour d\u2019un sujet d\u2019actualit\u00e9.<\/p>\n<p>A la fin de chaque sujet un point grammatical est travaill\u00e9 (imp\u00e9ratif, ser\/estar\/pronoms compl\u00e9ments, emploi indicatif\/subjonctif\u2026)<\/p>\n<p>Egalement des expressions langagi\u00e8res en lien avec chaque sujet sont abord\u00e9es.<\/p>\n<p><span style=\"font-family: arial, helvetica, sans-serif; font-size: 10pt;\">\u00a0<\/span><\/p>\n<p><span style=\"font-family: arial, helvetica, sans-serif; font-size: 10pt;\"><strong>R\u00e9alisations particuli\u00e8res<\/strong><strong>\u00a0:<\/strong><\/span><\/p>\n<p>* L\u2019article de journal : \u00ab\u00a0El Camino de Santiago : una experiencia de transformacion espiritual y testimonios de vida\u00a0\u00bb - Por\u00a0 qu\u00e9 protestan los agricultores en Espa\u00f1a ? \u2013 etc\u2026<\/p>\n<p>* Recettes de cuisine : la tarta de Santiago (vid\u00e9o) \u2013 Torrijas o torrejas \u2026.<\/p>\n<p>* Ecoute radio : Sequia, burocracia y precios disparados<\/p>\n<p>* Tableau de Goya : El dos y el tres de mayo[\/vc_column_text][\/vc_column][\/vc_row]<\/p>\n","_et_gb_content_width":"","footnotes":""},"class_list":["post-59","page","type-page","status-publish","hentry"],"_links":{"self":[{"href":"https:\/\/www.culture-dax.fr\/index.php?rest_route=\/wp\/v2\/pages\/59","targetHints":{"allow":["GET"]}}],"collection":[{"href":"https:\/\/www.culture-dax.fr\/index.php?rest_route=\/wp\/v2\/pages"}],"about":[{"href":"https:\/\/www.culture-dax.fr\/index.php?rest_route=\/wp\/v2\/types\/page"}],"author":[{"embeddable":true,"href":"https:\/\/www.culture-dax.fr\/index.php?rest_route=\/wp\/v2\/users\/1"}],"replies":[{"embeddable":true,"href":"https:\/\/www.culture-dax.fr\/index.php?rest_route=%2Fwp%2Fv2%2Fcomments&post=59"}],"version-history":[{"count":33,"href":"https:\/\/www.culture-dax.fr\/index.php?rest_route=\/wp\/v2\/pages\/59\/revisions"}],"predecessor-version":[{"id":2839,"href":"https:\/\/www.culture-dax.fr\/index.php?rest_route=\/wp\/v2\/pages\/59\/revisions\/2839"}],"up":[{"embeddable":true,"href":"https:\/\/www.culture-dax.fr\/index.php?rest_route=\/wp\/v2\/pages\/54"}],"wp:attachment":[{"href":"https:\/\/www.culture-dax.fr\/index.php?rest_route=%2Fwp%2Fv2%2Fmedia&parent=59"}],"curies":[{"name":"wp","href":"https:\/\/api.w.org\/{rel}","templated":true}]}}