{"id":61,"date":"2014-10-24T15:05:52","date_gmt":"2014-10-24T14:05:52","guid":{"rendered":"http:\/\/www.culture-dax.fr\/?page_id=61"},"modified":"2025-07-09T09:39:06","modified_gmt":"2025-07-09T08:39:06","slug":"benvenuti-al-italiano","status":"publish","type":"page","link":"https:\/\/www.culture-dax.fr\/?page_id=61","title":{"rendered":"Italien"},"content":{"rendered":"<p>[et_pb_section fb_built=\u00a0\u00bb1&Prime; fullwidth=\u00a0\u00bbon\u00a0\u00bb theme_builder_area=\u00a0\u00bbpost_content\u00a0\u00bb _builder_version=\u00a0\u00bb4.25.0&Prime; _module_preset=\u00a0\u00bbdefault\u00a0\u00bb][et_pb_fullwidth_image src=\u00a0\u00bbhttp:\/\/www.culture-dax.fr\/wp-content\/uploads\/2014\/10\/italiano0.jpg\u00a0\u00bb _builder_version=\u00a0\u00bb4.25.0&Prime; _module_preset=\u00a0\u00bbdefault\u00a0\u00bb theme_builder_area=\u00a0\u00bbpost_content\u00a0\u00bb title_text=\u00a0\u00bbitaliano0&Prime; hover_enabled=\u00a0\u00bb0&Prime; sticky_enabled=\u00a0\u00bb0&Prime;][\/et_pb_fullwidth_image][\/et_pb_section][et_pb_section fb_built=\u00a0\u00bb1&Prime; admin_label=\u00a0\u00bbsection\u00a0\u00bb _builder_version=\u00a0\u00bb4.16&Prime; global_colors_info=\u00a0\u00bb{}\u00a0\u00bb][et_pb_row admin_label=\u00a0\u00bbrow\u00a0\u00bb _builder_version=\u00a0\u00bb4.16&Prime; background_size=\u00a0\u00bbinitial\u00a0\u00bb background_position=\u00a0\u00bbtop_left\u00a0\u00bb background_repeat=\u00a0\u00bbrepeat\u00a0\u00bb global_colors_info=\u00a0\u00bb{}\u00a0\u00bb][et_pb_column type=\u00a0\u00bb4_4&Prime; _builder_version=\u00a0\u00bb4.16&Prime; custom_padding=\u00a0\u00bb|||\u00a0\u00bb global_colors_info=\u00a0\u00bb{}\u00a0\u00bb custom_padding__hover=\u00a0\u00bb|||\u00a0\u00bb][et_pb_text admin_label=\u00a0\u00bbText\u00a0\u00bb _builder_version=\u00a0\u00bb4.25.0&Prime; background_size=\u00a0\u00bbinitial\u00a0\u00bb background_position=\u00a0\u00bbtop_left\u00a0\u00bb background_repeat=\u00a0\u00bbrepeat\u00a0\u00bb global_colors_info=\u00a0\u00bb{}\u00a0\u00bb]<\/p>\n<p>&nbsp;<\/p>\n<h1><span style=\"color: #993300;\">COURS D&rsquo;ITALIEN<\/span><\/h1>\n<p>&nbsp;<\/p>\n<h2><span style=\"color: #993300;\">COURS d&rsquo;ITALIEN avec Monique<\/span><\/h2>\n<p><strong>Activit\u00e9s<\/strong><\/p>\n<p>Cours du niveau d\u00e9butants et niveau interm\u00e9diaire tous les jeudis , sauf les vacances scolaires<\/p>\n<p><strong>R\u00e9alisations<\/strong><\/p>\n<p>Les cours sont abord\u00e9s de mani\u00e8re conviviale tout en ayant une certaine rigueur dans l\u2019apprentissage des fondamentaux comme celui de la conjugaison et de la grammaire.<\/p>\n<p>[\/et_pb_text][\/et_pb_column][\/et_pb_row][\/et_pb_section]<\/p>\n","protected":false},"excerpt":{"rendered":"<p>&nbsp; COURS D&rsquo;ITALIEN &nbsp; COURS d&rsquo;ITALIEN avec Monique Activit\u00e9s Cours du niveau d\u00e9butants et niveau interm\u00e9diaire tous les jeudis , sauf les vacances scolaires R\u00e9alisations Les cours sont abord\u00e9s de mani\u00e8re conviviale tout en ayant une certaine rigueur dans l\u2019apprentissage des fondamentaux comme celui de la conjugaison et de la grammaire.<\/p>\n","protected":false},"author":1,"featured_media":0,"parent":54,"menu_order":0,"comment_status":"closed","ping_status":"closed","template":"","meta":{"_et_pb_use_builder":"on","_et_pb_old_content":"<p>[vc_row][vc_column][rev_slider_vc alias=\"italien\"][\/vc_column][\/vc_row][vc_row][vc_column][vc_udesign_recent_posts title=\"Derniers commentaires du Blog\" num_posts=\"4\" post_offset=\"0\" num_words_limit=\"13\" show_date_author=\"\" show_more_link=\"yes\" more_link_text=\"En savoir +\" show_thumbs=\"yes\" remove_thumb_frame=\"\" thumb_frame_shadow=\"\" default_thumb=\"yes\" post_thumb_width=\"60\" post_thumb_height=\"60\" class=\"\" category_id=\"10\"][vc_column_text]<\/p>\n<h1><span style=\"color: #993300;\">COURS D'ITALIEN<\/span><\/h1>\n<p>[\/vc_column_text][\/vc_column][\/vc_row][vc_row][vc_column width=\"3\/4\"][vc_column_text]<\/p>\n<h2><span style=\"color: #993300;\">COURS d'ITALIEN avec Monique<\/span><\/h2>\n<p><strong>Activit\u00e9s<\/strong><\/p>\n<p>Cours du niveau d\u00e9butants et niveau interm\u00e9diaire tous les jeudis , sauf les vacances scolaires<\/p>\n<p><strong>R\u00e9alisations<\/strong><\/p>\n<p>Les cours sont abord\u00e9s de mani\u00e8re conviviale tout en ayant une certaine rigueur dans l\u2019apprentissage des fondamentaux comme celui de la conjugaison et de la grammaire.[\/vc_column_text][\/vc_column][\/vc_row]<\/p>\n","_et_gb_content_width":"","footnotes":""},"class_list":["post-61","page","type-page","status-publish","hentry"],"_links":{"self":[{"href":"https:\/\/www.culture-dax.fr\/index.php?rest_route=\/wp\/v2\/pages\/61","targetHints":{"allow":["GET"]}}],"collection":[{"href":"https:\/\/www.culture-dax.fr\/index.php?rest_route=\/wp\/v2\/pages"}],"about":[{"href":"https:\/\/www.culture-dax.fr\/index.php?rest_route=\/wp\/v2\/types\/page"}],"author":[{"embeddable":true,"href":"https:\/\/www.culture-dax.fr\/index.php?rest_route=\/wp\/v2\/users\/1"}],"replies":[{"embeddable":true,"href":"https:\/\/www.culture-dax.fr\/index.php?rest_route=%2Fwp%2Fv2%2Fcomments&post=61"}],"version-history":[{"count":22,"href":"https:\/\/www.culture-dax.fr\/index.php?rest_route=\/wp\/v2\/pages\/61\/revisions"}],"predecessor-version":[{"id":2840,"href":"https:\/\/www.culture-dax.fr\/index.php?rest_route=\/wp\/v2\/pages\/61\/revisions\/2840"}],"up":[{"embeddable":true,"href":"https:\/\/www.culture-dax.fr\/index.php?rest_route=\/wp\/v2\/pages\/54"}],"wp:attachment":[{"href":"https:\/\/www.culture-dax.fr\/index.php?rest_route=%2Fwp%2Fv2%2Fmedia&parent=61"}],"curies":[{"name":"wp","href":"https:\/\/api.w.org\/{rel}","templated":true}]}}