{"id":617,"date":"2014-11-18T07:22:44","date_gmt":"2014-11-18T06:22:44","guid":{"rendered":"http:\/\/www.culture-dax.fr\/?page_id=617"},"modified":"2025-08-26T16:47:12","modified_gmt":"2025-08-26T15:47:12","slug":"bureau-et-conseil-dadministration","status":"publish","type":"page","link":"https:\/\/www.culture-dax.fr\/?page_id=617","title":{"rendered":"Bureau et Conseil d&rsquo;Administration"},"content":{"rendered":"<p>[et_pb_section fb_built=\u00a0\u00bb1&Prime; admin_label=\u00a0\u00bbsection\u00a0\u00bb _builder_version=\u00a0\u00bb4.16&Prime; global_colors_info=\u00a0\u00bb{}\u00a0\u00bb][et_pb_row admin_label=\u00a0\u00bbrow\u00a0\u00bb _builder_version=\u00a0\u00bb4.16&Prime; background_size=\u00a0\u00bbinitial\u00a0\u00bb background_position=\u00a0\u00bbtop_left\u00a0\u00bb background_repeat=\u00a0\u00bbrepeat\u00a0\u00bb global_colors_info=\u00a0\u00bb{}\u00a0\u00bb][et_pb_column type=\u00a0\u00bb4_4&Prime; _builder_version=\u00a0\u00bb4.16&Prime; custom_padding=\u00a0\u00bb|||\u00a0\u00bb global_colors_info=\u00a0\u00bb{}\u00a0\u00bb custom_padding__hover=\u00a0\u00bb|||\u00a0\u00bb][et_pb_text admin_label=\u00a0\u00bbText\u00a0\u00bb _builder_version=\u00a0\u00bb4.25.0&Prime; background_size=\u00a0\u00bbinitial\u00a0\u00bb background_position=\u00a0\u00bbtop_left\u00a0\u00bb background_repeat=\u00a0\u00bbrepeat\u00a0\u00bb hover_enabled=\u00a0\u00bb0&Prime; global_colors_info=\u00a0\u00bb{}\u00a0\u00bb sticky_enabled=\u00a0\u00bb0&Prime;]<\/p>\n<p>&nbsp;<\/p>\n<h2 style=\"text-align: left;\"><strong><span style=\"font-family: arial, helvetica, sans-serif;\">LISTE DES MEMBRES DU BUREAU 2024\/2025<\/span><\/strong><\/h2>\n<p><strong>\u00a0<\/strong><\/p>\n<table style=\"height: 176px;\" width=\"655\">\n<tbody>\n<tr>\n<td width=\"307\"><strong>Pr\u00e9sidente<\/strong><\/td>\n<td width=\"524\">Madame Rosy FERT<\/td>\n<\/tr>\n<tr>\n<td><strong>Vice- Pr\u00e9sident<\/strong><\/td>\n<td>Monsieur Benoit DUPOUY<\/td>\n<\/tr>\n<tr>\n<td><strong>Tr\u00e9sori\u00e8re<\/strong><\/td>\n<td>Madame Mireille DUCASSE<\/td>\n<\/tr>\n<tr>\n<td><strong>Tr\u00e9sori\u00e8re-adjointe<\/strong><\/td>\n<td>Madame Nadine LAUILHE<\/td>\n<\/tr>\n<tr>\n<td><strong>Secr\u00e9taire G\u00e9n\u00e9rale<\/strong><\/td>\n<td>Madame Martine CAZALIS<\/td>\n<\/tr>\n<tr>\n<td><strong>Secr\u00e9taire G\u00e9n\u00e9rale Adjoint<\/strong><\/td>\n<td>Monsieur Jean-Luc DUPIN<\/td>\n<\/tr>\n<\/tbody>\n<\/table>\n<p>&nbsp;<\/p>\n<p>&nbsp;<\/p>\n<h2><span style=\"font-family: arial, helvetica, sans-serif;\"><strong>CONSEIL ADMINISTRATION<\/strong><br \/><\/span><br \/><strong><span style=\"font-family: arial, helvetica, sans-serif; color: #993300;\">2024 \/ 2025<\/span><\/strong><\/h2>\n<table style=\"height: 1695px;\" width=\"520\">\n<tbody>\n<tr>\n<td width=\"23%\"><strong>NOM<\/strong><\/td>\n<td width=\"20%\"><strong>PRENOM<\/strong><\/td>\n<td width=\"23%\"><strong>ATELIER<\/strong><\/td>\n<\/tr>\n<tr>\n<td width=\"23%\">CAZALIS<\/td>\n<td width=\"20%\">Martine<\/td>\n<td width=\"23%\">Espagnol<\/td>\n<\/tr>\n<tr>\n<td width=\"23%\">COUDROY<\/td>\n<td width=\"20%\">Jacqueline<\/td>\n<td width=\"23%\">Photographie<\/td>\n<\/tr>\n<tr>\n<td width=\"23%\">DARRIGAN<\/td>\n<td width=\"20%\">Ma\u00eft\u00e9<\/td>\n<td width=\"23%\">Anglais<\/td>\n<\/tr>\n<tr>\n<td width=\"23%\">DOAT<\/td>\n<td width=\"20%\">Jo\u00eblle<\/td>\n<td width=\"23%\">Pilates<\/td>\n<\/tr>\n<tr>\n<td width=\"23%\">DUCASSE<\/td>\n<td width=\"20%\">Mireille<\/td>\n<td width=\"23%\">Espagnol<\/td>\n<\/tr>\n<tr>\n<td width=\"23%\">DUPIN<\/td>\n<td width=\"20%\">Jean-Luc<\/td>\n<td width=\"23%\">Anglais<\/td>\n<\/tr>\n<tr>\n<td width=\"23%\">DUPOUY<\/td>\n<td width=\"20%\">Benoit<\/td>\n<td width=\"23%\">Photographie<\/td>\n<\/tr>\n<tr>\n<td width=\"23%\">DUPOUY<\/td>\n<td width=\"20%\">Hilda<\/td>\n<td width=\"23%\">Astronomie<\/td>\n<\/tr>\n<tr>\n<td width=\"23%\">DUPOUY<\/td>\n<td width=\"20%\">Philippe<\/td>\n<td width=\"23%\">Astronomie<\/td>\n<\/tr>\n<tr>\n<td width=\"23%\">FERT<\/td>\n<td width=\"20%\">Rosy<\/td>\n<td width=\"23%\">Pilates<\/td>\n<\/tr>\n<tr>\n<td width=\"23%\">GATE-MINEL<\/td>\n<td width=\"20%\">Elisabeth<\/td>\n<td width=\"23%\">Sophrologie<\/td>\n<\/tr>\n<tr>\n<td width=\"23%\">GONZALEZ<\/td>\n<td width=\"20%\">Nicole<\/td>\n<td width=\"23%\">Italien<\/td>\n<\/tr>\n<tr>\n<td width=\"23%\">HENRY<\/td>\n<td width=\"20%\">St\u00e9phane<\/td>\n<td width=\"23%\">Th\u00e9atre<\/td>\n<\/tr>\n<tr>\n<td width=\"23%\">ILHARRAMOUNHO<\/td>\n<td width=\"20%\">Dominique<\/td>\n<td width=\"23%\">Botanique<\/td>\n<\/tr>\n<tr>\n<td width=\"23%\">JOANNES<\/td>\n<td width=\"20%\">Annick<\/td>\n<td width=\"23%\">Hatha yoga<\/td>\n<\/tr>\n<tr>\n<td width=\"23%\">KERES<\/td>\n<td width=\"20%\">B\u00e9atrice<\/td>\n<td width=\"23%\">Photographie<\/td>\n<\/tr>\n<tr>\n<td width=\"23%\">LADEBAT<\/td>\n<td width=\"20%\">Bernadette<\/td>\n<td width=\"23%\">Sculpture<\/td>\n<\/tr>\n<tr>\n<td width=\"23%\">LAPEYRE<\/td>\n<td width=\"20%\">Evelyne<\/td>\n<td width=\"23%\">Poterie<\/td>\n<\/tr>\n<tr>\n<td width=\"23%\">LATRIE<\/td>\n<td width=\"20%\">Marie<\/td>\n<td width=\"23%\">Basque<\/td>\n<\/tr>\n<tr>\n<td width=\"23%\">LAUILHE<\/td>\n<td width=\"20%\">Nadine<\/td>\n<td width=\"23%\">Espagnol<\/td>\n<\/tr>\n<tr>\n<td width=\"23%\">LECONTE<\/td>\n<td width=\"20%\">Alexandre<\/td>\n<td width=\"23%\">Guitare<\/td>\n<\/tr>\n<tr>\n<td width=\"23%\">LUGEZ<\/td>\n<td width=\"20%\">Pierre<\/td>\n<td width=\"23%\">Astronomie<\/td>\n<\/tr>\n<tr>\n<td width=\"23%\">MOCHEL<\/td>\n<td width=\"20%\">Delphine<\/td>\n<td width=\"23%\">Informatique<\/td>\n<\/tr>\n<tr>\n<td width=\"23%\">VINCENT<\/td>\n<td width=\"20%\">H\u00e9l\u00e8ne<\/td>\n<td width=\"23%\">Tai chi chuan<\/td>\n<\/tr>\n<\/tbody>\n<\/table>\n<p>&nbsp;<\/p>\n<p>[\/et_pb_text][\/et_pb_column][\/et_pb_row][\/et_pb_section]<\/p>\n","protected":false},"excerpt":{"rendered":"<p>&nbsp; LISTE DES MEMBRES DU BUREAU 2024\/2025 \u00a0 Pr\u00e9sidente Madame Rosy FERT Vice- Pr\u00e9sident Monsieur Benoit DUPOUY Tr\u00e9sori\u00e8re Madame Mireille DUCASSE Tr\u00e9sori\u00e8re-adjointe Madame Nadine LAUILHE Secr\u00e9taire G\u00e9n\u00e9rale Madame Martine CAZALIS Secr\u00e9taire G\u00e9n\u00e9rale Adjoint Monsieur Jean-Luc DUPIN &nbsp; &nbsp; CONSEIL ADMINISTRATION2024 \/ 2025 NOM PRENOM ATELIER CAZALIS Martine Espagnol COUDROY Jacqueline Photographie DARRIGAN Ma\u00eft\u00e9 Anglais DOAT Jo\u00eblle Pilates DUCASSE Mireille Espagnol DUPIN Jean-Luc Anglais DUPOUY Benoit Photographie DUPOUY Hilda Astronomie DUPOUY Philippe Astronomie FERT Rosy Pilates GATE-MINEL Elisabeth Sophrologie GONZALEZ Nicole Italien HENRY St\u00e9phane Th\u00e9atre ILHARRAMOUNHO Dominique Botanique JOANNES Annick Hatha yoga KERES B\u00e9atrice Photographie LADEBAT Bernadette Sculpture LAPEYRE Evelyne Poterie LATRIE Marie Basque LAUILHE Nadine Espagnol LECONTE Alexandre Guitare LUGEZ Pierre Astronomie MOCHEL Delphine Informatique VINCENT H\u00e9l\u00e8ne Tai chi chuan &nbsp;<\/p>\n","protected":false},"author":1,"featured_media":0,"parent":37,"menu_order":0,"comment_status":"closed","ping_status":"closed","template":"","meta":{"_et_pb_use_builder":"on","_et_pb_old_content":"<p>[vc_row][vc_column][vc_column_text]<\/p>\n<h2 style=\"text-align: left;\"><strong><span style=\"font-family: arial, helvetica, sans-serif;\">LISTE DES MEMBRES DU BUREAU 2024\/2025<\/span><\/strong><\/h2>\n<p><strong>\u00a0<\/strong><\/p>\n<table style=\"height: 176px;\" width=\"655\">\n<tbody>\n<tr>\n<td width=\"307\"><strong>Pr\u00e9sidente<\/strong><\/td>\n<td width=\"524\">Madame Rosy FERT<\/td>\n<\/tr>\n<tr>\n<td><strong>Vice- Pr\u00e9sident<\/strong><\/td>\n<td>Monsieur Benoit DUPOUY<\/td>\n<\/tr>\n<tr>\n<td><strong>Tr\u00e9sori\u00e8re<\/strong><\/td>\n<td>Madame Mireille DUCASSE<\/td>\n<\/tr>\n<tr>\n<td><strong>Tr\u00e9sori\u00e8re-adjointe<\/strong><\/td>\n<td>Madame Nadine LAUILHE<\/td>\n<\/tr>\n<tr>\n<td><strong>Secr\u00e9taire G\u00e9n\u00e9rale<\/strong><\/td>\n<td>Madame Martine CAZALIS<\/td>\n<\/tr>\n<tr>\n<td><strong>Secr\u00e9taire G\u00e9n\u00e9rale Adjoint<\/strong><\/td>\n<td>Monsieur Jean-Luc DUPIN<\/td>\n<\/tr>\n<\/tbody>\n<\/table>\n<p><strong>\u00a0<\/strong>[\/vc_column_text][\/vc_column][\/vc_row][vc_row][vc_column][vc_column_text]<\/p>\n<h2><span style=\"font-family: arial, helvetica, sans-serif;\"><strong>CONSEIL ADMINISTRATION<\/strong><br \/>\n<\/span><br \/>\n<strong><span style=\"font-family: arial, helvetica, sans-serif; color: #993300;\">2024 \/ 2025<\/span><\/strong><\/h2>\n<table style=\"height: 1695px;\" width=\"520\">\n<tbody>\n<tr>\n<td width=\"23%\"><strong>NOM<\/strong><\/td>\n<td width=\"20%\"><strong>PRENOM<\/strong><\/td>\n<td width=\"23%\"><strong>ATELIER<\/strong><\/td>\n<\/tr>\n<tr>\n<td width=\"23%\">CAZALIS<\/td>\n<td width=\"20%\">Martine<\/td>\n<td width=\"23%\">Espagnol<\/td>\n<\/tr>\n<tr>\n<td width=\"23%\">COUDROY<\/td>\n<td width=\"20%\">Jacqueline<\/td>\n<td width=\"23%\">Photographie<\/td>\n<\/tr>\n<tr>\n<td width=\"23%\">DARRIGAN<\/td>\n<td width=\"20%\">Ma\u00eft\u00e9<\/td>\n<td width=\"23%\">Anglais<\/td>\n<\/tr>\n<tr>\n<td width=\"23%\">DOAT<\/td>\n<td width=\"20%\">Jo\u00eblle<\/td>\n<td width=\"23%\">Pilates<\/td>\n<\/tr>\n<tr>\n<td width=\"23%\">DUCASSE<\/td>\n<td width=\"20%\">Mireille<\/td>\n<td width=\"23%\">Espagnol<\/td>\n<\/tr>\n<tr>\n<td width=\"23%\">DUPIN<\/td>\n<td width=\"20%\">Jean-Luc<\/td>\n<td width=\"23%\">Anglais<\/td>\n<\/tr>\n<tr>\n<td width=\"23%\">DUPOUY<\/td>\n<td width=\"20%\">Benoit<\/td>\n<td width=\"23%\">Photographie<\/td>\n<\/tr>\n<tr>\n<td width=\"23%\">DUPOUY<\/td>\n<td width=\"20%\">Hilda<\/td>\n<td width=\"23%\">Astronomie<\/td>\n<\/tr>\n<tr>\n<td width=\"23%\">DUPOUY<\/td>\n<td width=\"20%\">Philippe<\/td>\n<td width=\"23%\">Astronomie<\/td>\n<\/tr>\n<tr>\n<td width=\"23%\">FERT<\/td>\n<td width=\"20%\">Rosy<\/td>\n<td width=\"23%\">Pilates<\/td>\n<\/tr>\n<tr>\n<td width=\"23%\">GATE-MINEL<\/td>\n<td width=\"20%\">Elisabeth<\/td>\n<td width=\"23%\">Sophrologie<\/td>\n<\/tr>\n<tr>\n<td width=\"23%\">GONZALEZ<\/td>\n<td width=\"20%\">Nicole<\/td>\n<td width=\"23%\">Italien<\/td>\n<\/tr>\n<tr>\n<td width=\"23%\">HENRY<\/td>\n<td width=\"20%\">St\u00e9phane<\/td>\n<td width=\"23%\">Th\u00e9atre<\/td>\n<\/tr>\n<tr>\n<td width=\"23%\">ILHARRAMOUNHO<\/td>\n<td width=\"20%\">Dominique<\/td>\n<td width=\"23%\">Botanique<\/td>\n<\/tr>\n<tr>\n<td width=\"23%\">JOANNES<\/td>\n<td width=\"20%\">Annick<\/td>\n<td width=\"23%\">Hatha yoga<\/td>\n<\/tr>\n<tr>\n<td width=\"23%\">KERES<\/td>\n<td width=\"20%\">B\u00e9atrice<\/td>\n<td width=\"23%\">Photographie<\/td>\n<\/tr>\n<tr>\n<td width=\"23%\">LADEBAT<\/td>\n<td width=\"20%\">Bernadette<\/td>\n<td width=\"23%\">Sculpture<\/td>\n<\/tr>\n<tr>\n<td width=\"23%\">LAPEYRE<\/td>\n<td width=\"20%\">Evelyne<\/td>\n<td width=\"23%\">Poterie<\/td>\n<\/tr>\n<tr>\n<td width=\"23%\">LATRIE<\/td>\n<td width=\"20%\">Marie<\/td>\n<td width=\"23%\">Basque<\/td>\n<\/tr>\n<tr>\n<td width=\"23%\">LAUILHE<\/td>\n<td width=\"20%\">Nadine<\/td>\n<td width=\"23%\">Espagnol<\/td>\n<\/tr>\n<tr>\n<td width=\"23%\">LECONTE<\/td>\n<td width=\"20%\">Alexandre<\/td>\n<td width=\"23%\">Guitare<\/td>\n<\/tr>\n<tr>\n<td width=\"23%\">LUGEZ<\/td>\n<td width=\"20%\">Pierre<\/td>\n<td width=\"23%\">Astronomie<\/td>\n<\/tr>\n<tr>\n<td width=\"23%\">MOCHEL<\/td>\n<td width=\"20%\">Delphine<\/td>\n<td width=\"23%\">Informatique<\/td>\n<\/tr>\n<tr>\n<td width=\"23%\">VINCENT<\/td>\n<td width=\"20%\">H\u00e9l\u00e8ne<\/td>\n<td width=\"23%\">Tai chi chuan<\/td>\n<\/tr>\n<tr>\n<td width=\"23%\">WEISS<\/td>\n<td width=\"20%\">Alexandre<\/td>\n<td width=\"23%\">Jeux de r\u00f4le<\/td>\n<\/tr>\n<\/tbody>\n<\/table>\n<p>&nbsp;[\/vc_column_text][\/vc_column][\/vc_row]<\/p>\n","_et_gb_content_width":"","footnotes":""},"class_list":["post-617","page","type-page","status-publish","hentry"],"_links":{"self":[{"href":"https:\/\/www.culture-dax.fr\/index.php?rest_route=\/wp\/v2\/pages\/617","targetHints":{"allow":["GET"]}}],"collection":[{"href":"https:\/\/www.culture-dax.fr\/index.php?rest_route=\/wp\/v2\/pages"}],"about":[{"href":"https:\/\/www.culture-dax.fr\/index.php?rest_route=\/wp\/v2\/types\/page"}],"author":[{"embeddable":true,"href":"https:\/\/www.culture-dax.fr\/index.php?rest_route=\/wp\/v2\/users\/1"}],"replies":[{"embeddable":true,"href":"https:\/\/www.culture-dax.fr\/index.php?rest_route=%2Fwp%2Fv2%2Fcomments&post=617"}],"version-history":[{"count":37,"href":"https:\/\/www.culture-dax.fr\/index.php?rest_route=\/wp\/v2\/pages\/617\/revisions"}],"predecessor-version":[{"id":3013,"href":"https:\/\/www.culture-dax.fr\/index.php?rest_route=\/wp\/v2\/pages\/617\/revisions\/3013"}],"up":[{"embeddable":true,"href":"https:\/\/www.culture-dax.fr\/index.php?rest_route=\/wp\/v2\/pages\/37"}],"wp:attachment":[{"href":"https:\/\/www.culture-dax.fr\/index.php?rest_route=%2Fwp%2Fv2%2Fmedia&parent=617"}],"curies":[{"name":"wp","href":"https:\/\/api.w.org\/{rel}","templated":true}]}}