{"id":75,"date":"2014-10-24T15:08:27","date_gmt":"2014-10-24T14:08:27","guid":{"rendered":"http:\/\/www.culture-dax.fr\/?page_id=75"},"modified":"2025-07-09T06:22:34","modified_gmt":"2025-07-09T05:22:34","slug":"horaires-des-cours","status":"publish","type":"page","link":"https:\/\/www.culture-dax.fr\/?page_id=75","title":{"rendered":"Informatique"},"content":{"rendered":"<p>[et_pb_section fb_built=\u00a0\u00bb1&Prime; admin_label=\u00a0\u00bbsection\u00a0\u00bb _builder_version=\u00a0\u00bb4.16&Prime; global_colors_info=\u00a0\u00bb{}\u00a0\u00bb][et_pb_row admin_label=\u00a0\u00bbrow\u00a0\u00bb _builder_version=\u00a0\u00bb4.16&Prime; background_size=\u00a0\u00bbinitial\u00a0\u00bb background_position=\u00a0\u00bbtop_left\u00a0\u00bb background_repeat=\u00a0\u00bbrepeat\u00a0\u00bb global_colors_info=\u00a0\u00bb{}\u00a0\u00bb][et_pb_column type=\u00a0\u00bb4_4&Prime; _builder_version=\u00a0\u00bb4.16&Prime; custom_padding=\u00a0\u00bb|||\u00a0\u00bb global_colors_info=\u00a0\u00bb{}\u00a0\u00bb custom_padding__hover=\u00a0\u00bb|||\u00a0\u00bb][et_pb_text admin_label=\u00a0\u00bbText\u00a0\u00bb _builder_version=\u00a0\u00bb4.25.0&Prime; background_size=\u00a0\u00bbinitial\u00a0\u00bb background_position=\u00a0\u00bbtop_left\u00a0\u00bb background_repeat=\u00a0\u00bbrepeat\u00a0\u00bb hover_enabled=\u00a0\u00bb0&Prime; global_colors_info=\u00a0\u00bb{}\u00a0\u00bb sticky_enabled=\u00a0\u00bb0&Prime;]<\/p>\n<p>&nbsp;<\/p>\n<h1><span style=\"color: #993300;\"><strong>COURS D&rsquo;INFORMATIQUE avec Delphine<\/strong><\/span><\/h1>\n<p><strong>Cours d\u2019informatique\u00a0<\/strong><\/p>\n<p><strong>MODULE 1<\/strong><\/p>\n<p>D\u00e9marrer \/ Eteindre un PC<br \/>Utiliser la souris\u00a0\u00a0\u00a0\u00a0\u00a0\u00a0\u00a0\u00a0\u00a0\u00a0\u00a0\u00a0\u00a0\u00a0\u00a0\u00a0\u00a0\u00a0\u00a0\u00a0\u00a0\u00a0\u00a0\u00a0\u00a0\u00a0\u00a0\u00a0\u00a0\u00a0\u00a0\u00a0\u00a0\u00a0\u00a0\u00a0\u00a0\u00a0\u00a0 <em>Exercices pratiques : http:\/\/corporate.skynet.be\/rt002590\/souris\/Page1.html<br \/><\/em>Utiliser un clavier\u00a0\u00a0\u00a0\u00a0\u00a0\u00a0\u00a0\u00a0\u00a0\u00a0\u00a0\u00a0\u00a0\u00a0\u00a0\u00a0\u00a0\u00a0\u00a0\u00a0\u00a0\u00a0\u00a0\u00a0\u00a0\u00a0\u00a0\u00a0\u00a0\u00a0\u00a0\u00a0\u00a0\u00a0\u00a0\u00a0\u00a0 <em>Exercices pratiques : Word<\/em><\/p>\n<p>Cr\u00e9er et utiliser une messagerie : Outlook\u00a0\u00a0 <em>Exercices pratiques : Fonctionnement g\u00e9n\u00e9ral Cr\u00e9er et envoyer un email &#8211; r\u00e9pondre Organiser bo\u00eete de r\u00e9ception<br \/><\/em><em>Rechercher des emails Ins\u00e9rer une pi\u00e8ce, une photo<br \/><\/em><em>Rep\u00e9rer email frauduleux, Bloquer email malveillant<\/em><\/p>\n<p><strong>MODULE 2<\/strong><\/p>\n<p>Qu&rsquo;est ce qu&rsquo;internet ?<br \/>Bien d\u00e9marrer avec internet\u00a0\u00a0\u00a0\u00a0\u00a0\u00a0 <em>Exercices pratiques : Fonctionnement g\u00e9n\u00e9ral<br \/><\/em><em>Icones, barre de t\u00e2ches, barre de notification, menu d\u00e9marrer<br \/><\/em>Possibilit\u00e9s\u00a0\u00a0\u00a0\u00a0\u00a0\u00a0\u00a0\u00a0\u00a0\u00a0\u00a0\u00a0\u00a0\u00a0\u00a0\u00a0\u00a0\u00a0\u00a0\u00a0\u00a0\u00a0\u00a0\u00a0\u00a0\u00a0\u00a0\u00a0\u00a0\u00a0\u00a0\u00a0\u00a0\u00a0\u00a0\u00a0\u00a0\u00a0\u00a0\u00a0\u00a0\u00a0\u00a0\u00a0\u00a0\u00a0 <em>Exercices pratiques : Moteur de recherche, navigateurs, logiciels, sites, blogs\u2026<br \/><\/em>S\u00e9curit\u00e9\u00a0\u00a0\u00a0\u00a0\u00a0\u00a0\u00a0\u00a0\u00a0\u00a0\u00a0\u00a0\u00a0\u00a0\u00a0\u00a0\u00a0\u00a0\u00a0\u00a0\u00a0\u00a0\u00a0\u00a0\u00a0\u00a0\u00a0\u00a0\u00a0\u00a0\u00a0\u00a0\u00a0\u00a0\u00a0\u00a0\u00a0\u00a0\u00a0\u00a0\u00a0\u00a0\u00a0\u00a0\u00a0\u00a0\u00a0\u00a0\u00a0\u00a0 <em>D\u00e9jouer les pi\u00e8ges, paiement s\u00e9curis\u00e9s Navigation sur sites s\u00e9curis\u00e9s<br \/><\/em>Recherches par mots cl\u00e9s<br \/>Sites indispensables\u00a0\u00a0\u00a0\u00a0\u00a0\u00a0\u00a0\u00a0\u00a0\u00a0\u00a0\u00a0\u00a0\u00a0\u00a0\u00a0\u00a0\u00a0\u00a0\u00a0\u00a0\u00a0\u00a0\u00a0\u00a0\u00a0\u00a0\u00a0\u00a0\u00a0\u00a0\u00a0\u00a0 <em>Exercices pratiques : Connaissance principaux sites nationaux pour d\u00e9marches administratives tels que imp\u00f4t, p\u00f4le emploi, CAF, la Poste, banque, \u2026<br \/><\/em>Sites utiles\u00a0\u00a0\u00a0\u00a0\u00a0\u00a0\u00a0\u00a0\u00a0\u00a0\u00a0\u00a0\u00a0\u00a0 <em>Connaissance sites utiles tels que SNCF, Blablacar, informations, revues, dictionnaire, <\/em><em>traducteur, YouTube, Skype, sites de marques, le Bon Coin, Allocin\u00e9, tutoriels,<\/em><\/p>\n<p><strong><br \/>MODULE 3<\/strong><\/p>\n<p>Les outils de mon ordinateur\u00a0\u00a0\u00a0\u00a0\u00a0\u00a0\u00a0\u00a0\u00a0\u00a0\u00a0\u00a0\u00a0\u00a0\u00a0\u00a0\u00a0\u00a0\u00a0\u00a0\u00a0 <em>Calculatrice, Outil capture d&rsquo;\u00e9cran, Param\u00e8tres, Corbeille<br \/><\/em>Les astuces pour me simplifier la vie\u00a0\u00a0\u00a0\u00a0\u00a0\u00a0\u00a0\u00a0\u00a0 <em>Cr\u00e9ation de fichier, copier coller, compression de fichier Gestion espace de stockage, supprimer des applications<br \/><\/em>Faire des recherches dans mon ordinateur\u00a0\u00a0 <em>Explorateur de fichiers<br \/><\/em>Utilisation d&rsquo;applications\u00a0\u00a0\u00a0\u00a0\u00a0\u00a0\u00a0\u00a0\u00a0\u00a0\u00a0\u00a0 <em>Initiation tableau Excel<br \/><\/em><em>T\u00e9l\u00e9chargement applications, fichiers, photos<br \/><\/em>Imprimante, scanner<br \/>Photo, modifier les photos<\/p>\n<h3>Internet pour quoi faire ?<\/h3>\n<p><strong>Internet <\/strong>sert \u00e0 communiquer avec le monde entier et avec tous vos contacts. On peut surfer sur le Web. Gr\u00e2ce \u00e0 la messagerie \u00e9lectronique, on peut envoyer et recevoir du courrier \u00e0 notre adresse \u00e9lectronique.<\/p>\n<p><strong>Internet <\/strong>sert aux hommes pour parler entre eux, s&rsquo;exprimer, travailler ensemble&#8230; <strong>Internet <\/strong>sert \u00e0 la vie de tous les jours : d\u00e9clarer ses imp\u00f4ts, g\u00e9rer ses comptes\u2026 Outre les d\u00e9marches administratives courantes, <strong>Internet <\/strong>permet d\u2019acheter un billet de train sans se d\u00e9placer, d\u2019\u00e9couter de la musique, de jouer, de se rencontrer, de se documenter, \u2026.<\/p>\n<p><strong>Pas \u00e0 pas, ce cours vous permettra de vous familiariser \u00e0 l\u2019utilisation d\u2019un ordinateur, de naviguer sur internet en toute s\u00e9curit\u00e9 afin de devenir autonome.<\/strong><\/p>\n<p>La formation, en petit groupe, est d\u00e9livr\u00e9e chaque semaine pendant 1 heure et demie Aucun pr\u00e9 requis demand\u00e9 except\u00e9 le fait de savoir lire et \u00e9crire.<\/p>\n<p><em><br \/>L\u2019ACD rime avec bienveillance, partage, respect, \u00e9volution personnelle, amusement, rencontres<\/em><\/p>\n<p><em>\u00ab L\u2019art de s\u2019instruire par soi-m\u00eame et avec les autres \u00bb prend tout son sens dans ce cours.<\/em><\/p>\n<p><em>\u00a0<\/em><\/p>\n<p>&nbsp;<\/p>\n<p>&nbsp;<\/p>\n<p>[\/et_pb_text][\/et_pb_column][\/et_pb_row][\/et_pb_section]<\/p>\n","protected":false},"excerpt":{"rendered":"<p>&nbsp; COURS D&rsquo;INFORMATIQUE avec Delphine Cours d\u2019informatique\u00a0 MODULE 1 D\u00e9marrer \/ Eteindre un PCUtiliser la souris\u00a0\u00a0\u00a0\u00a0\u00a0\u00a0\u00a0\u00a0\u00a0\u00a0\u00a0\u00a0\u00a0\u00a0\u00a0\u00a0\u00a0\u00a0\u00a0\u00a0\u00a0\u00a0\u00a0\u00a0\u00a0\u00a0\u00a0\u00a0\u00a0\u00a0\u00a0\u00a0\u00a0\u00a0\u00a0\u00a0\u00a0\u00a0\u00a0 Exercices pratiques : http:\/\/corporate.skynet.be\/rt002590\/souris\/Page1.htmlUtiliser un clavier\u00a0\u00a0\u00a0\u00a0\u00a0\u00a0\u00a0\u00a0\u00a0\u00a0\u00a0\u00a0\u00a0\u00a0\u00a0\u00a0\u00a0\u00a0\u00a0\u00a0\u00a0\u00a0\u00a0\u00a0\u00a0\u00a0\u00a0\u00a0\u00a0\u00a0\u00a0\u00a0\u00a0\u00a0\u00a0\u00a0\u00a0 Exercices pratiques : Word Cr\u00e9er et utiliser une messagerie : Outlook\u00a0\u00a0 Exercices pratiques : Fonctionnement g\u00e9n\u00e9ral Cr\u00e9er et envoyer un email &#8211; r\u00e9pondre Organiser bo\u00eete de r\u00e9ceptionRechercher des emails Ins\u00e9rer une pi\u00e8ce, une photoRep\u00e9rer email frauduleux, Bloquer email malveillant MODULE 2 Qu&rsquo;est ce qu&rsquo;internet ?Bien d\u00e9marrer avec internet\u00a0\u00a0\u00a0\u00a0\u00a0\u00a0 Exercices pratiques : Fonctionnement g\u00e9n\u00e9ralIcones, barre de t\u00e2ches, barre de notification, menu d\u00e9marrerPossibilit\u00e9s\u00a0\u00a0\u00a0\u00a0\u00a0\u00a0\u00a0\u00a0\u00a0\u00a0\u00a0\u00a0\u00a0\u00a0\u00a0\u00a0\u00a0\u00a0\u00a0\u00a0\u00a0\u00a0\u00a0\u00a0\u00a0\u00a0\u00a0\u00a0\u00a0\u00a0\u00a0\u00a0\u00a0\u00a0\u00a0\u00a0\u00a0\u00a0\u00a0\u00a0\u00a0\u00a0\u00a0\u00a0\u00a0\u00a0 Exercices pratiques : Moteur de recherche, navigateurs, logiciels, sites, blogs\u2026S\u00e9curit\u00e9\u00a0\u00a0\u00a0\u00a0\u00a0\u00a0\u00a0\u00a0\u00a0\u00a0\u00a0\u00a0\u00a0\u00a0\u00a0\u00a0\u00a0\u00a0\u00a0\u00a0\u00a0\u00a0\u00a0\u00a0\u00a0\u00a0\u00a0\u00a0\u00a0\u00a0\u00a0\u00a0\u00a0\u00a0\u00a0\u00a0\u00a0\u00a0\u00a0\u00a0\u00a0\u00a0\u00a0\u00a0\u00a0\u00a0\u00a0\u00a0\u00a0\u00a0 D\u00e9jouer les pi\u00e8ges, paiement s\u00e9curis\u00e9s Navigation sur sites s\u00e9curis\u00e9sRecherches par mots cl\u00e9sSites indispensables\u00a0\u00a0\u00a0\u00a0\u00a0\u00a0\u00a0\u00a0\u00a0\u00a0\u00a0\u00a0\u00a0\u00a0\u00a0\u00a0\u00a0\u00a0\u00a0\u00a0\u00a0\u00a0\u00a0\u00a0\u00a0\u00a0\u00a0\u00a0\u00a0\u00a0\u00a0\u00a0\u00a0 Exercices pratiques : Connaissance principaux sites nationaux pour d\u00e9marches administratives tels que imp\u00f4t, p\u00f4le emploi, CAF, la Poste, banque, \u2026Sites utiles\u00a0\u00a0\u00a0\u00a0\u00a0\u00a0\u00a0\u00a0\u00a0\u00a0\u00a0\u00a0\u00a0\u00a0 Connaissance sites utiles tels que SNCF, Blablacar, informations, revues, dictionnaire, traducteur, YouTube, Skype, sites de marques, le Bon Coin, Allocin\u00e9, tutoriels, MODULE 3 Les outils de mon ordinateur\u00a0\u00a0\u00a0\u00a0\u00a0\u00a0\u00a0\u00a0\u00a0\u00a0\u00a0\u00a0\u00a0\u00a0\u00a0\u00a0\u00a0\u00a0\u00a0\u00a0\u00a0 Calculatrice, Outil capture d&rsquo;\u00e9cran, Param\u00e8tres, CorbeilleLes astuces pour me simplifier la vie\u00a0\u00a0\u00a0\u00a0\u00a0\u00a0\u00a0\u00a0\u00a0 Cr\u00e9ation de fichier, copier coller, compression de fichier Gestion espace de stockage, supprimer des applicationsFaire des recherches dans mon ordinateur\u00a0\u00a0 Explorateur de fichiersUtilisation d&rsquo;applications\u00a0\u00a0\u00a0\u00a0\u00a0\u00a0\u00a0\u00a0\u00a0\u00a0\u00a0\u00a0 Initiation tableau ExcelT\u00e9l\u00e9chargement applications, fichiers, photosImprimante, scannerPhoto, modifier les [&hellip;]<\/p>\n","protected":false},"author":1,"featured_media":0,"parent":39,"menu_order":0,"comment_status":"closed","ping_status":"closed","template":"","meta":{"_et_pb_use_builder":"on","_et_pb_old_content":"<p>[vc_row][vc_column][rev_slider_vc alias=\"informatique\"][\/vc_column][\/vc_row][vc_row][vc_column][vc_udesign_recent_posts title=\"Derniers commentaires du Blog\" num_posts=\"4\" post_offset=\"0\" num_words_limit=\"13\" show_date_author=\"\" show_more_link=\"yes\" more_link_text=\"En savoir +\" show_thumbs=\"yes\" remove_thumb_frame=\"\" thumb_frame_shadow=\"\" default_thumb=\"yes\" post_thumb_width=\"60\" post_thumb_height=\"60\" class=\"\" category_id=\"15\"][vc_column_text]<\/p>\n<h1><span style=\"color: #993300;\"><strong>COURS D'INFORMATIQUE avec Delphine<\/strong><\/span><\/h1>\n<p>[\/vc_column_text][\/vc_column][\/vc_row][vc_row][vc_column width=\"3\/4\"][vc_column_text]<strong>Cours d\u2019informatique\u00a0<\/strong><\/p>\n<p><strong>MODULE 1<\/strong><\/p>\n<p>D\u00e9marrer \/ Eteindre un PC<br \/>\nUtiliser la souris\u00a0\u00a0\u00a0\u00a0\u00a0\u00a0\u00a0\u00a0\u00a0\u00a0\u00a0\u00a0\u00a0\u00a0\u00a0\u00a0\u00a0\u00a0\u00a0\u00a0\u00a0\u00a0\u00a0\u00a0\u00a0\u00a0\u00a0\u00a0\u00a0\u00a0\u00a0\u00a0\u00a0\u00a0\u00a0\u00a0\u00a0\u00a0\u00a0 <em>Exercices pratiques : http:\/\/corporate.skynet.be\/rt002590\/souris\/Page1.html<br \/>\n<\/em>Utiliser un clavier\u00a0\u00a0\u00a0\u00a0\u00a0\u00a0\u00a0\u00a0\u00a0\u00a0\u00a0\u00a0\u00a0\u00a0\u00a0\u00a0\u00a0\u00a0\u00a0\u00a0\u00a0\u00a0\u00a0\u00a0\u00a0\u00a0\u00a0\u00a0\u00a0\u00a0\u00a0\u00a0\u00a0\u00a0\u00a0\u00a0\u00a0 <em>Exercices pratiques : Word<\/em><\/p>\n<p>Cr\u00e9er et utiliser une messagerie : Outlook\u00a0\u00a0 <em>Exercices pratiques : Fonctionnement g\u00e9n\u00e9ral Cr\u00e9er et envoyer un email - r\u00e9pondre Organiser bo\u00eete de r\u00e9ception<br \/>\n<\/em><em>Rechercher des emails Ins\u00e9rer une pi\u00e8ce, une photo<br \/>\n<\/em><em>Rep\u00e9rer email frauduleux, Bloquer email malveillant<\/em><\/p>\n<p><strong>MODULE 2<\/strong><\/p>\n<p>Qu'est ce qu'internet ?<br \/>\nBien d\u00e9marrer avec internet\u00a0\u00a0\u00a0\u00a0\u00a0\u00a0 <em>Exercices pratiques : Fonctionnement g\u00e9n\u00e9ral<br \/>\n<\/em><em>Icones, barre de t\u00e2ches, barre de notification, menu d\u00e9marrer<br \/>\n<\/em>Possibilit\u00e9s\u00a0\u00a0\u00a0\u00a0\u00a0\u00a0\u00a0\u00a0\u00a0\u00a0\u00a0\u00a0\u00a0\u00a0\u00a0\u00a0\u00a0\u00a0\u00a0\u00a0\u00a0\u00a0\u00a0\u00a0\u00a0\u00a0\u00a0\u00a0\u00a0\u00a0\u00a0\u00a0\u00a0\u00a0\u00a0\u00a0\u00a0\u00a0\u00a0\u00a0\u00a0\u00a0\u00a0\u00a0\u00a0\u00a0 <em>Exercices pratiques : Moteur de recherche, navigateurs, logiciels, sites, blogs\u2026<br \/>\n<\/em>S\u00e9curit\u00e9\u00a0\u00a0\u00a0\u00a0\u00a0\u00a0\u00a0\u00a0\u00a0\u00a0\u00a0\u00a0\u00a0\u00a0\u00a0\u00a0\u00a0\u00a0\u00a0\u00a0\u00a0\u00a0\u00a0\u00a0\u00a0\u00a0\u00a0\u00a0\u00a0\u00a0\u00a0\u00a0\u00a0\u00a0\u00a0\u00a0\u00a0\u00a0\u00a0\u00a0\u00a0\u00a0\u00a0\u00a0\u00a0\u00a0\u00a0\u00a0\u00a0\u00a0 <em>D\u00e9jouer les pi\u00e8ges, paiement s\u00e9curis\u00e9s Navigation sur sites s\u00e9curis\u00e9s<br \/>\n<\/em>Recherches par mots cl\u00e9s<br \/>\nSites indispensables\u00a0\u00a0\u00a0\u00a0\u00a0\u00a0\u00a0\u00a0\u00a0\u00a0\u00a0\u00a0\u00a0\u00a0\u00a0\u00a0\u00a0\u00a0\u00a0\u00a0\u00a0\u00a0\u00a0\u00a0\u00a0\u00a0\u00a0\u00a0\u00a0\u00a0\u00a0\u00a0\u00a0 <em>Exercices pratiques : Connaissance principaux sites nationaux pour d\u00e9marches administratives tels que imp\u00f4t, p\u00f4le emploi, CAF, la Poste, banque, \u2026<br \/>\n<\/em>Sites utiles\u00a0\u00a0\u00a0\u00a0\u00a0\u00a0\u00a0\u00a0\u00a0\u00a0\u00a0\u00a0\u00a0\u00a0 <em>Connaissance sites utiles tels que SNCF, Blablacar, informations, revues, dictionnaire, <\/em><em>traducteur, YouTube, Skype, sites de marques, le Bon Coin, Allocin\u00e9, tutoriels,<\/em><\/p>\n<p><strong><br \/>\nMODULE 3<\/strong><\/p>\n<p>Les outils de mon ordinateur\u00a0\u00a0\u00a0\u00a0\u00a0\u00a0\u00a0\u00a0\u00a0\u00a0\u00a0\u00a0\u00a0\u00a0\u00a0\u00a0\u00a0\u00a0\u00a0\u00a0\u00a0 <em>Calculatrice, Outil capture d'\u00e9cran, Param\u00e8tres, Corbeille<br \/>\n<\/em>Les astuces pour me simplifier la vie\u00a0\u00a0\u00a0\u00a0\u00a0\u00a0\u00a0\u00a0\u00a0 <em>Cr\u00e9ation de fichier, copier coller, compression de fichier Gestion espace de stockage, supprimer des applications<br \/>\n<\/em>Faire des recherches dans mon ordinateur\u00a0\u00a0 <em>Explorateur de fichiers<br \/>\n<\/em>Utilisation d'applications\u00a0\u00a0\u00a0\u00a0\u00a0\u00a0\u00a0\u00a0\u00a0\u00a0\u00a0\u00a0 <em>Initiation tableau Excel<br \/>\n<\/em><em>T\u00e9l\u00e9chargement applications, fichiers, photos<br \/>\n<\/em>Imprimante, scanner<br \/>\nPhoto, modifier les photos<\/p>\n<h3>Internet pour quoi faire ?<\/h3>\n<p><strong>Internet <\/strong>sert \u00e0 communiquer avec le monde entier et avec tous vos contacts. On peut surfer sur le Web. Gr\u00e2ce \u00e0 la messagerie \u00e9lectronique, on peut envoyer et recevoir du courrier \u00e0 notre adresse \u00e9lectronique.<\/p>\n<p><strong>Internet <\/strong>sert aux hommes pour parler entre eux, s'exprimer, travailler ensemble... <strong>Internet <\/strong>sert \u00e0 la vie de tous les jours : d\u00e9clarer ses imp\u00f4ts, g\u00e9rer ses comptes\u2026 Outre les d\u00e9marches administratives courantes, <strong>Internet <\/strong>permet d\u2019acheter un billet de train sans se d\u00e9placer, d\u2019\u00e9couter de la musique, de jouer, de se rencontrer, de se documenter, \u2026.<\/p>\n<p><strong>Pas \u00e0 pas, ce cours vous permettra de vous familiariser \u00e0 l\u2019utilisation d\u2019un ordinateur, de naviguer sur internet en toute s\u00e9curit\u00e9 afin de devenir autonome.<\/strong><\/p>\n<p>La formation, en petit groupe, est d\u00e9livr\u00e9e chaque semaine pendant 1 heure et demie Aucun pr\u00e9 requis demand\u00e9 except\u00e9 le fait de savoir lire et \u00e9crire.<\/p>\n<p><em><br \/>\nL\u2019ACD rime avec bienveillance, partage, respect, \u00e9volution personnelle, amusement, rencontres<\/em><\/p>\n<p><em>\u00ab L\u2019art de s\u2019instruire par soi-m\u00eame et avec les autres \u00bb prend tout son sens dans ce cours.<\/em><\/p>\n<p><em>\u00a0<\/em><\/p>\n<p>&nbsp;<\/p>\n<p>&nbsp;[\/vc_column_text][\/vc_column][\/vc_row][vc_row][vc_column][vc_column_text][\/vc_column_text][\/vc_column][\/vc_row]<\/p>\n","_et_gb_content_width":"","footnotes":""},"class_list":["post-75","page","type-page","status-publish","hentry"],"_links":{"self":[{"href":"https:\/\/www.culture-dax.fr\/index.php?rest_route=\/wp\/v2\/pages\/75","targetHints":{"allow":["GET"]}}],"collection":[{"href":"https:\/\/www.culture-dax.fr\/index.php?rest_route=\/wp\/v2\/pages"}],"about":[{"href":"https:\/\/www.culture-dax.fr\/index.php?rest_route=\/wp\/v2\/types\/page"}],"author":[{"embeddable":true,"href":"https:\/\/www.culture-dax.fr\/index.php?rest_route=\/wp\/v2\/users\/1"}],"replies":[{"embeddable":true,"href":"https:\/\/www.culture-dax.fr\/index.php?rest_route=%2Fwp%2Fv2%2Fcomments&post=75"}],"version-history":[{"count":29,"href":"https:\/\/www.culture-dax.fr\/index.php?rest_route=\/wp\/v2\/pages\/75\/revisions"}],"predecessor-version":[{"id":2808,"href":"https:\/\/www.culture-dax.fr\/index.php?rest_route=\/wp\/v2\/pages\/75\/revisions\/2808"}],"up":[{"embeddable":true,"href":"https:\/\/www.culture-dax.fr\/index.php?rest_route=\/wp\/v2\/pages\/39"}],"wp:attachment":[{"href":"https:\/\/www.culture-dax.fr\/index.php?rest_route=%2Fwp%2Fv2%2Fmedia&parent=75"}],"curies":[{"name":"wp","href":"https:\/\/api.w.org\/{rel}","templated":true}]}}