{"id":81,"date":"2014-10-24T15:09:41","date_gmt":"2014-10-24T14:09:41","guid":{"rendered":"http:\/\/www.culture-dax.fr\/?page_id=81"},"modified":"2025-07-09T10:05:42","modified_gmt":"2025-07-09T09:05:42","slug":"test-article-1-benat","status":"publish","type":"page","link":"https:\/\/www.culture-dax.fr\/?page_id=81","title":{"rendered":"Ta\u00ef Chi Chuan"},"content":{"rendered":"<p>[et_pb_section fb_built=\u00a0\u00bb1&Prime; fullwidth=\u00a0\u00bbon\u00a0\u00bb theme_builder_area=\u00a0\u00bbpost_content\u00a0\u00bb _builder_version=\u00a0\u00bb4.25.0&Prime; _module_preset=\u00a0\u00bbdefault\u00a0\u00bb][et_pb_fullwidth_image src=\u00a0\u00bbhttp:\/\/www.culture-dax.fr\/wp-content\/uploads\/2014\/10\/taichi1.jpg\u00a0\u00bb _builder_version=\u00a0\u00bb4.25.0&Prime; _module_preset=\u00a0\u00bbdefault\u00a0\u00bb theme_builder_area=\u00a0\u00bbpost_content\u00a0\u00bb title_text=\u00a0\u00bbtaichi1&Prime; hover_enabled=\u00a0\u00bb0&Prime; sticky_enabled=\u00a0\u00bb0&Prime;][\/et_pb_fullwidth_image][\/et_pb_section][et_pb_section fb_built=\u00a0\u00bb1&Prime; admin_label=\u00a0\u00bbsection\u00a0\u00bb _builder_version=\u00a0\u00bb4.16&Prime; global_colors_info=\u00a0\u00bb{}\u00a0\u00bb][et_pb_row admin_label=\u00a0\u00bbrow\u00a0\u00bb _builder_version=\u00a0\u00bb4.16&Prime; background_size=\u00a0\u00bbinitial\u00a0\u00bb background_position=\u00a0\u00bbtop_left\u00a0\u00bb background_repeat=\u00a0\u00bbrepeat\u00a0\u00bb global_colors_info=\u00a0\u00bb{}\u00a0\u00bb][et_pb_column type=\u00a0\u00bb4_4&Prime; _builder_version=\u00a0\u00bb4.16&Prime; custom_padding=\u00a0\u00bb|||\u00a0\u00bb global_colors_info=\u00a0\u00bb{}\u00a0\u00bb custom_padding__hover=\u00a0\u00bb|||\u00a0\u00bb][et_pb_text admin_label=\u00a0\u00bbText\u00a0\u00bb _builder_version=\u00a0\u00bb4.25.0&Prime; background_size=\u00a0\u00bbinitial\u00a0\u00bb background_position=\u00a0\u00bbtop_left\u00a0\u00bb background_repeat=\u00a0\u00bbrepeat\u00a0\u00bb global_colors_info=\u00a0\u00bb{}\u00a0\u00bb]<\/p>\n<h1><span style=\"color: #993300;\"><strong>COURS DE TA\u00cf CHI CHUAN avec Jean-Fran\u00e7ois<\/strong><\/span><\/h1>\n<p>&nbsp;<\/p>\n<h1>Le Ta\u00ef Chi Chuan est un art martial \u00e0 l\u2019origine, mais pas seulement\u2026<\/h1>\n<p><a href=\"http:\/\/www.culture-dax.fr\/wp-content\/uploads\/2014\/10\/1.jpg\"><img loading=\"lazy\" decoding=\"async\" class=\"alignnone size-medium wp-image-1667\" src=\"http:\/\/www.culture-dax.fr\/wp-content\/uploads\/2014\/10\/1-300x180.jpg\" alt=\"1\" width=\"300\" height=\"180\" srcset=\"https:\/\/www.culture-dax.fr\/wp-content\/uploads\/2014\/10\/1-300x180.jpg 300w, https:\/\/www.culture-dax.fr\/wp-content\/uploads\/2014\/10\/1.jpg 500w\" sizes=\"auto, (max-width: 300px) 100vw, 300px\" \/><\/a><br \/>Pour le profane, ce mot \u00e9voque \u00e0\u00a0 la fois une danse lente et un combat au ralenti.<\/p>\n<p>D&rsquo;origine Chinoise, le Ta\u00ef Chi Chuan est tout \u00e0 la fois un art vital de l&rsquo;\u00e9nergie, un art martial interne, qui procure vitalit\u00e9, \u00e9quilibre, ma\u00eetrise de soi, \u00e0 partir de la lenteur, de la concentration et de la patience.<\/p>\n<p>Le Ta\u00ef Chi Chuan est un art du mouvement : aussi bien celui visible du corps, que celui moins visible de l&rsquo;\u00e9nergie qui habite le corps. Il pr\u00e9serve la vie face \u00e0 une agression ext\u00e9rieure \u00e9ventuelle ou face aux ennemis int\u00e9rieurs que sont la maladie et le stress.<\/p>\n<p>Par des mouvements lents, il permet au pratiquant d&rsquo;accumuler cette \u00e9nergie, de la mobiliser et de l&rsquo;utiliser \u00e0 son gr\u00e9 pour se recentrer, se d\u00e9fendre, am\u00e9liorer sa vitalit\u00e9, d\u00e9velopper sa concentration, assumer son intuition ou, tout simplement, vivre plus pleinement le quotidien.<\/p>\n<p>&nbsp;<\/p>\n<h2>Ses bienfaits<\/h2>\n<p>Pratiqu\u00e9 r\u00e9guli\u00e8rement, le tai chi chuan a de r\u00e9els bienfaits sur la sant\u00e9 et le bien-\u00eatre.<\/p>\n<p>Au niveau psychologique tout d\u2019abord, comme toutes techniques de relaxation, le tai chi peut am\u00e9liorer les probl\u00e8mes de sommeil, les \u00e9tats de nervosit\u00e9.<\/p>\n<p>A cet \u00e9gard, la pratique du tai chi chuan est une r\u00e9elle r\u00e9ponse \u00e0 la s\u00e9dentarit\u00e9 et \u00e0 l\u2019accumulation de stress. Davantage qu\u2019une discipline physique se limitant \u00e0 des mouvements, le tai chi chuan est en effet un art de vivre.<\/p>\n<p>Quant aux bienfaits physiques \u00e0 proprement parler, ils sont nombreux.<\/p>\n<p>Sur le plan ost\u00e9o-articulaire, on gagne en souplesse gr\u00e2ce aux \u00e9tirements progressifs des tendons ; les mouvements lents, de grande amplitude sont b\u00e9n\u00e9fiques aux articulations. R\u00e9alis\u00e9 dans les r\u00e8gles de l\u2019art, le Ta\u00ef Chi peut ainsi apporter r\u00e9confort aux souffrances lombaires. Il permet \u00e9galement d\u2019am\u00e9liorer les capacit\u00e9s cardiaques et pulmonaires.<\/p>\n<p><a href=\"http:\/\/www.culture-dax.fr\/wp-content\/uploads\/2014\/10\/2.png\"><img loading=\"lazy\" decoding=\"async\" class=\"alignnone size-medium wp-image-1668\" src=\"http:\/\/www.culture-dax.fr\/wp-content\/uploads\/2014\/10\/2-279x300.png\" alt=\"2\" width=\"279\" height=\"300\" srcset=\"https:\/\/www.culture-dax.fr\/wp-content\/uploads\/2014\/10\/2-279x300.png 279w, https:\/\/www.culture-dax.fr\/wp-content\/uploads\/2014\/10\/2.png 436w\" sizes=\"auto, (max-width: 279px) 100vw, 279px\" \/><\/a><\/p>\n<p>Par le jeu de transfert du poids du corps d\u2019un pied sur l\u2019autre, le ta\u00ef chi chuan am\u00e9liore en outre le sens de l\u2019\u00e9quilibre. De mani\u00e8re g\u00e9n\u00e9rale, le tai chi chuan aide \u00e0 mieux int\u00e9grer son sch\u00e9ma corporel et coordonner ses mouvements. On y apprend effectivement \u00e0 maintenir le corps centr\u00e9 et align\u00e9 tout en \u00e9tant en mouvement.<\/p>\n<p>Enfin, la pratique du tai chi chuan est un excellent exercice pour la m\u00e9moire et la concentration ; m\u00e9moriser les mouvements, les encha\u00eenements, les effectuer sans accroc demande en effet un r\u00e9el effort d\u2019attention. La pratique du tai chi chuan s\u2019av\u00e8re ainsi particuli\u00e8rement\u00a0\u00a0\u00a0 int\u00e9ressante\u00a0\u00a0\u00a0 chez\u00a0\u00a0\u00a0 les\u00a0\u00a0 personnes \u00e2g\u00e9es. En 2001, l\u2019h\u00f4pital de jour Bretonneau de Paris a d\u2019ailleurs tent\u00e9 cette exp\u00e9rience : proposer des cours de Ta\u00ef Chi Chuan \u2013 discipline compl\u00e8te faisant travailler et le corps et l\u2019attention \u2013 aux patients atteints d\u2019Alzeihmer. Depuis, cette initiative a \u00e9t\u00e9 reprise dans nombre d\u2019h\u00f4pitaux fran\u00e7ais.<\/p>\n<p>Pour avoir acc\u00e8s \u00e0 tous les bienfaits du Ta\u00ef Chi Chuan, une pratique r\u00e9guli\u00e8re et s\u00e9rieuse est n\u00e9cessaire.<\/p>\n<p>&nbsp;<\/p>\n<h1>Le style Yang<\/h1>\n<p><a href=\"http:\/\/www.culture-dax.fr\/wp-content\/uploads\/2014\/10\/3.jpg\"><img loading=\"lazy\" decoding=\"async\" class=\"alignnone size-medium wp-image-1669\" src=\"http:\/\/www.culture-dax.fr\/wp-content\/uploads\/2014\/10\/3-300x200.jpg\" alt=\"3\" width=\"300\" height=\"200\" srcset=\"https:\/\/www.culture-dax.fr\/wp-content\/uploads\/2014\/10\/3-300x200.jpg 300w, https:\/\/www.culture-dax.fr\/wp-content\/uploads\/2014\/10\/3-600x399.jpg 600w, https:\/\/www.culture-dax.fr\/wp-content\/uploads\/2014\/10\/3.jpg 625w\" sizes=\"auto, (max-width: 300px) 100vw, 300px\" \/><\/a><br \/>Il existe plusieurs styles de Ta\u00ef Chi Chuan.<\/p>\n<p>Nous pratiquons le style Yang, de l\u2019\u00e9cole TUNG, repr\u00e9sent\u00e9e par le Grand Maitre TUNG KAI YING.<\/p>\n<p>La forme principale comporte 108 mouvements, dont une quarantaine seulement sont diff\u00e9rents, que nous apprenons progressivement. La pratique compl\u00e8te de l\u2019enchainement varie de 25 \u00e0 45 mn, voire davantage\u2026<\/p>\n<p>Notre style est tr\u00e8s riche.<\/p>\n<p>Au-del\u00e0 de la forme lente, existent d\u2019autres formes \u00e0 main nue (forme familiales, forme rapide, Kai He) et avec armes (sabre, \u00e9p\u00e9e, doubles b\u00e2tons et \u00e9ventail), et \u00e9galement la pouss\u00e9e des mains (\u00e0 pas fixes et \u00e0 pas mobiles), les enchainements \u00e0 deux et les applications martiales avec partenaire.<\/p>\n<p>&nbsp;<\/p>\n<h2>Le Grand Maitre TUNG KAI YING<\/h2>\n<p><strong>\u00a0<\/strong><a href=\"http:\/\/www.culture-dax.fr\/wp-content\/uploads\/2014\/10\/4.jpg\"><strong><img loading=\"lazy\" decoding=\"async\" class=\"alignnone size-medium wp-image-1670\" src=\"http:\/\/www.culture-dax.fr\/wp-content\/uploads\/2014\/10\/4-300x298.jpg\" alt=\"4\" width=\"300\" height=\"298\" srcset=\"https:\/\/www.culture-dax.fr\/wp-content\/uploads\/2014\/10\/4-300x298.jpg 300w, https:\/\/www.culture-dax.fr\/wp-content\/uploads\/2014\/10\/4-150x150.jpg 150w, https:\/\/www.culture-dax.fr\/wp-content\/uploads\/2014\/10\/4.jpg 313w\" sizes=\"auto, (max-width: 300px) 100vw, 300px\" \/><\/strong><\/a><a href=\"http:\/\/www.culture-dax.fr\/wp-content\/uploads\/2014\/10\/5.jpg\"><img loading=\"lazy\" decoding=\"async\" class=\"alignnone size-medium wp-image-1671\" src=\"http:\/\/www.culture-dax.fr\/wp-content\/uploads\/2014\/10\/5-198x300.jpg\" alt=\"5\" width=\"198\" height=\"300\" srcset=\"https:\/\/www.culture-dax.fr\/wp-content\/uploads\/2014\/10\/5-198x300.jpg 198w, https:\/\/www.culture-dax.fr\/wp-content\/uploads\/2014\/10\/5.jpg 330w\" sizes=\"auto, (max-width: 198px) 100vw, 198px\" \/><\/a><\/p>\n<p><strong>\u00a0<\/strong>TUNG Kai Ying, fils a\u00een\u00e9 de Hu-Ling, a \u00e9tudi\u00e9 avec son grand p\u00e8re Tung Ying Ki\u00e9 et avec son p\u00e8re Tung Hu Ling.<\/p>\n<p>Tung Kai Ying enseigne le Tai Chi Chuan aux Etats Unis et en Europe. En 1971, Tung Kai Ying s&rsquo;installe \u00e0 Los Angeles\u00a0 o\u00f9\u00a0 il fonde la \u00ab\u00a0Tung Kai Ying Academy of Tai Chi Chuan\u00a0\u00bb.<\/p>\n<p>&nbsp;<\/p>\n<p>Le style\u00a0 Tung est tr\u00e8s c\u00e9l\u00e8bre en Chine, il est aussi largement popularis\u00e9 en Asie et dans le monde occidental.<\/p>\n<p>L\u2019\u00e9cole TUNG est tr\u00e8s riche\u00a0 dans\u00a0 sa\u00a0 pratique : exercices pr\u00e9paratoires, plusieurs formes \u00e0 mains nues, plusieurs formes avec armes, applications martiales, pouss\u00e9e des mains (Tuishou), enchainements \u00e0 deux (Tuilien), \u2026<\/p>\n<p>&nbsp;<\/p>\n<h1>Les cours<\/h1>\n<h2>L\u2019enseignant<\/h2>\n<p>Les cours sont dispens\u00e9s par Jean-Fran\u00e7ois Lejeune.<\/p>\n<p>Ancien \u00e9l\u00e8ve\u00a0de Matthieu Nolin, il commence le Ta\u00ef Chi Chuan en 2001 et\u00a0poursuit son \u00e9tude jusqu\u2019\u00e0 ce jour.<\/p>\n<p>Il suit des stages de perfectionnement avec Anya M\u00e9ot (fondatrice de l\u2019association TOUM), Rassamy Rodsphon (responsable technique et p\u00e9dagogique de l&rsquo;association TOUM) et Master Tung, pour approfondir sa formation. Il\u00a0enseigne le Ta\u00ef chi chuan depuis 2006.<\/p>\n<p>Dipl\u00f4mes :<\/p>\n<ul>\n<li>Certificat de Moniteur B\u00e9n\u00e9vole (CMB) en Arts Martiaux Chinois Internes (AMCI)<\/li>\n<li>Certificat de Qualification Professionnelle Moniteur AMCI<\/li>\n<li>4\u00e8me Duan AMCI<\/li>\n<li>Attestation d\u2019\u00e9ducateur sportif<\/li>\n<\/ul>\n<p>Il aime pratiquer dans la d\u00e9tente et la bonne humeur.<\/p>\n<p>&nbsp;<\/p>\n<h2>Le lieu<\/h2>\n<p>Les cours ont lieu \u00e0 la salle de danse, 3 rue du Palais 40100 DAX, 1er \u00e9tage de l\u2019ACD. Les deux premiers cours sont offerts (cours de d\u00e9couverte).<\/p>\n<p>&nbsp;<\/p>\n<h2>La tenue<\/h2>\n<p>Pr\u00e9voir une tenue ample (pantalon long type jogging, chemise \u00e0 manches longues, chaussures souples \u00e0 semelle fine, tenant bien le pied). Les v\u00eatements ne doivent g\u00eaner ni la respiration, ni le mouvement.<\/p>\n<p>La tenue chinoise n\u2019est pas exig\u00e9e.<\/p>\n<p>&nbsp;<\/p>\n<p>&nbsp;<\/p>\n<h2>La m\u00e9thode<\/h2>\n<p>Nous pratiquons le Tai-Chi-Chuan traditionnel \u00ab Yang \u00bb de la famille TUNG, formes lentes et rapides, pouss\u00e9e des mains, \u00e9p\u00e9e, sabre, b\u00e2ton, \u00e9ventail, suivant les niveaux.<\/p>\n<p>Les cours commencent par des exercices pr\u00e9paratoires. Puis les mouvements de la forme sont appris l\u2019un apr\u00e8s l\u2019autre, au fur et \u00e0 mesure des s\u00e9ances. A chaque mouvement est associ\u00e9e une application martiale. Celles-ci sont montr\u00e9es et pratiqu\u00e9es. Le cours se termine par un retour au calme.<\/p>\n<p>Nous aimons une ambiance d\u00e9tendue et attentive ; chacun avance \u00e0 son rythme selon ses possibilit\u00e9s.<\/p>\n<p>Les gestes barri\u00e8re sont strictement respect\u00e9s : port du masque, gel hydroalcoolique et d\u00e9sinfection des armes et accessoires.<\/p>\n<p>&nbsp;<\/p>\n<h1>Les liens<\/h1>\n<h2>La f\u00e9d\u00e9ration<\/h2>\n<p>L\u2019Association Culturelle de Dax est affili\u00e9e \u00e0 la F\u00e9d\u00e9ration des Arts Energ\u00e9tiques et martiaux Chinois (FAEMC).<\/p>\n<p>Vous pourrez obtenir davantage de renseignement sur la f\u00e9d\u00e9ration, le Ta\u00ef Chi Chuan, les arts \u00e9nerg\u00e9tiques et martiaux chinois sur <a href=\"http:\/\/www.faemc.fr\/\">www.faemc.fr <\/a>.<\/p>\n<p>&nbsp;<\/p>\n<h2>L\u2019association TOUM<\/h2>\n<p>\u00ab Importatrice \u00bb de l\u2019\u00e9cole TUNG en France, l\u2019association TOUM et sa fondatrice Anya M\u00e9ot, ont form\u00e9 de nombreux professeurs, permettant la diffusion de la pratique du Ta\u00ef Chi Chuan dans toute la France gr\u00e2ce \u00e0 des associations telles l\u2019ACD. Voir <a href=\"http:\/\/www.toum.asso.fr\/\">www.toum.asso.fr <\/a>.<\/p>\n<p>[\/et_pb_text][\/et_pb_column][\/et_pb_row][\/et_pb_section]<\/p>\n","protected":false},"excerpt":{"rendered":"<p>COURS DE TA\u00cf CHI CHUAN avec Jean-Fran\u00e7ois &nbsp; Le Ta\u00ef Chi Chuan est un art martial \u00e0 l\u2019origine, mais pas seulement\u2026 Pour le profane, ce mot \u00e9voque \u00e0\u00a0 la fois une danse lente et un combat au ralenti. D&rsquo;origine Chinoise, le Ta\u00ef Chi Chuan est tout \u00e0 la fois un art vital de l&rsquo;\u00e9nergie, un art martial interne, qui procure vitalit\u00e9, \u00e9quilibre, ma\u00eetrise de soi, \u00e0 partir de la lenteur, de la concentration et de la patience. Le Ta\u00ef Chi Chuan est un art du mouvement : aussi bien celui visible du corps, que celui moins visible de l&rsquo;\u00e9nergie qui habite le corps. Il pr\u00e9serve la vie face \u00e0 une agression ext\u00e9rieure \u00e9ventuelle ou face aux ennemis int\u00e9rieurs que sont la maladie et le stress. Par des mouvements lents, il permet au pratiquant d&rsquo;accumuler cette \u00e9nergie, de la mobiliser et de l&rsquo;utiliser \u00e0 son gr\u00e9 pour se recentrer, se d\u00e9fendre, am\u00e9liorer sa vitalit\u00e9, d\u00e9velopper sa concentration, assumer son intuition ou, tout simplement, vivre plus pleinement le quotidien. &nbsp; Ses bienfaits Pratiqu\u00e9 r\u00e9guli\u00e8rement, le tai chi chuan a de r\u00e9els bienfaits sur la sant\u00e9 et le bien-\u00eatre. Au niveau psychologique tout d\u2019abord, comme toutes techniques de relaxation, le tai chi peut [&hellip;]<\/p>\n","protected":false},"author":1,"featured_media":0,"parent":39,"menu_order":0,"comment_status":"closed","ping_status":"closed","template":"","meta":{"_et_pb_use_builder":"on","_et_pb_old_content":"<p>[vc_row][vc_column][rev_slider_vc alias=\"taichi\"][\/vc_column][\/vc_row][vc_row][vc_column][vc_udesign_recent_posts title=\"Derniers commentaires du Blog\" num_posts=\"4\" post_offset=\"0\" num_words_limit=\"13\" show_date_author=\"\" show_more_link=\"yes\" more_link_text=\"En savoir +\" show_thumbs=\"yes\" remove_thumb_frame=\"\" thumb_frame_shadow=\"\" default_thumb=\"yes\" post_thumb_width=\"60\" post_thumb_height=\"60\" class=\"\" category_id=\"12\"][vc_column_text]<\/p>\n<h1><span style=\"color: #993300;\"><strong>COURS DE TA\u00cf CHI CHUAN avec Jean-Fran\u00e7ois<\/strong><\/span><\/h1>\n<p>[\/vc_column_text][\/vc_column][\/vc_row][vc_row][vc_column width=\"3\/4\"][vc_column_text]<\/p>\n<h1>Le Ta\u00ef Chi Chuan est un art martial \u00e0 l\u2019origine, mais pas seulement\u2026<\/h1>\n<p><a href=\"http:\/\/www.culture-dax.fr\/wp-content\/uploads\/2014\/10\/1.jpg\"><img class=\"alignnone size-medium wp-image-1667\" src=\"http:\/\/www.culture-dax.fr\/wp-content\/uploads\/2014\/10\/1-300x180.jpg\" alt=\"1\" width=\"300\" height=\"180\" \/><\/a><br \/>\nPour le profane, ce mot \u00e9voque \u00e0\u00a0 la fois une danse lente et un combat au ralenti.<\/p>\n<p>D'origine Chinoise, le Ta\u00ef Chi Chuan est tout \u00e0 la fois un art vital de l'\u00e9nergie, un art martial interne, qui procure vitalit\u00e9, \u00e9quilibre, ma\u00eetrise de soi, \u00e0 partir de la lenteur, de la concentration et de la patience.<\/p>\n<p>Le Ta\u00ef Chi Chuan est un art du mouvement : aussi bien celui visible du corps, que celui moins visible de l'\u00e9nergie qui habite le corps. Il pr\u00e9serve la vie face \u00e0 une agression ext\u00e9rieure \u00e9ventuelle ou face aux ennemis int\u00e9rieurs que sont la maladie et le stress.<\/p>\n<p>Par des mouvements lents, il permet au pratiquant d'accumuler cette \u00e9nergie, de la mobiliser et de l'utiliser \u00e0 son gr\u00e9 pour se recentrer, se d\u00e9fendre, am\u00e9liorer sa vitalit\u00e9, d\u00e9velopper sa concentration, assumer son intuition ou, tout simplement, vivre plus pleinement le quotidien.<\/p>\n<p>&nbsp;<\/p>\n<h2>Ses bienfaits<\/h2>\n<p>Pratiqu\u00e9 r\u00e9guli\u00e8rement, le tai chi chuan a de r\u00e9els bienfaits sur la sant\u00e9 et le bien-\u00eatre.<\/p>\n<p>Au niveau psychologique tout d\u2019abord, comme toutes techniques de relaxation, le tai chi peut am\u00e9liorer les probl\u00e8mes de sommeil, les \u00e9tats de nervosit\u00e9.<\/p>\n<p>A cet \u00e9gard, la pratique du tai chi chuan est une r\u00e9elle r\u00e9ponse \u00e0 la s\u00e9dentarit\u00e9 et \u00e0 l\u2019accumulation de stress. Davantage qu\u2019une discipline physique se limitant \u00e0 des mouvements, le tai chi chuan est en effet un art de vivre.<\/p>\n<p>Quant aux bienfaits physiques \u00e0 proprement parler, ils sont nombreux.<\/p>\n<p>Sur le plan ost\u00e9o-articulaire, on gagne en souplesse gr\u00e2ce aux \u00e9tirements progressifs des tendons ; les mouvements lents, de grande amplitude sont b\u00e9n\u00e9fiques aux articulations. R\u00e9alis\u00e9 dans les r\u00e8gles de l\u2019art, le Ta\u00ef Chi peut ainsi apporter r\u00e9confort aux souffrances lombaires. Il permet \u00e9galement d\u2019am\u00e9liorer les capacit\u00e9s cardiaques et pulmonaires.<\/p>\n<p><a href=\"http:\/\/www.culture-dax.fr\/wp-content\/uploads\/2014\/10\/2.png\"><img class=\"alignnone size-medium wp-image-1668\" src=\"http:\/\/www.culture-dax.fr\/wp-content\/uploads\/2014\/10\/2-279x300.png\" alt=\"2\" width=\"279\" height=\"300\" \/><\/a><\/p>\n<p>Par le jeu de transfert du poids du corps d\u2019un pied sur l\u2019autre, le ta\u00ef chi chuan am\u00e9liore en outre le sens de l\u2019\u00e9quilibre. De mani\u00e8re g\u00e9n\u00e9rale, le tai chi chuan aide \u00e0 mieux int\u00e9grer son sch\u00e9ma corporel et coordonner ses mouvements. On y apprend effectivement \u00e0 maintenir le corps centr\u00e9 et align\u00e9 tout en \u00e9tant en mouvement.<\/p>\n<p>Enfin, la pratique du tai chi chuan est un excellent exercice pour la m\u00e9moire et la concentration ; m\u00e9moriser les mouvements, les encha\u00eenements, les effectuer sans accroc demande en effet un r\u00e9el effort d\u2019attention. La pratique du tai chi chuan s\u2019av\u00e8re ainsi particuli\u00e8rement\u00a0\u00a0\u00a0 int\u00e9ressante\u00a0\u00a0\u00a0 chez\u00a0\u00a0\u00a0 les\u00a0\u00a0 personnes \u00e2g\u00e9es. En 2001, l\u2019h\u00f4pital de jour Bretonneau de Paris a d\u2019ailleurs tent\u00e9 cette exp\u00e9rience : proposer des cours de Ta\u00ef Chi Chuan \u2013 discipline compl\u00e8te faisant travailler et le corps et l\u2019attention \u2013 aux patients atteints d\u2019Alzeihmer. Depuis, cette initiative a \u00e9t\u00e9 reprise dans nombre d\u2019h\u00f4pitaux fran\u00e7ais.<\/p>\n<p>Pour avoir acc\u00e8s \u00e0 tous les bienfaits du Ta\u00ef Chi Chuan, une pratique r\u00e9guli\u00e8re et s\u00e9rieuse est n\u00e9cessaire.<\/p>\n<p>&nbsp;<\/p>\n<h1>Le style Yang<\/h1>\n<p><a href=\"http:\/\/www.culture-dax.fr\/wp-content\/uploads\/2014\/10\/3.jpg\"><img class=\"alignnone size-medium wp-image-1669\" src=\"http:\/\/www.culture-dax.fr\/wp-content\/uploads\/2014\/10\/3-300x200.jpg\" alt=\"3\" width=\"300\" height=\"200\" \/><\/a><br \/>\nIl existe plusieurs styles de Ta\u00ef Chi Chuan.<\/p>\n<p>Nous pratiquons le style Yang, de l\u2019\u00e9cole TUNG, repr\u00e9sent\u00e9e par le Grand Maitre TUNG KAI YING.<\/p>\n<p>La forme principale comporte 108 mouvements, dont une quarantaine seulement sont diff\u00e9rents, que nous apprenons progressivement. La pratique compl\u00e8te de l\u2019enchainement varie de 25 \u00e0 45 mn, voire davantage\u2026<\/p>\n<p>Notre style est tr\u00e8s riche.<\/p>\n<p>Au-del\u00e0 de la forme lente, existent d\u2019autres formes \u00e0 main nue (forme familiales, forme rapide, Kai He) et avec armes (sabre, \u00e9p\u00e9e, doubles b\u00e2tons et \u00e9ventail), et \u00e9galement la pouss\u00e9e des mains (\u00e0 pas fixes et \u00e0 pas mobiles), les enchainements \u00e0 deux et les applications martiales avec partenaire.<\/p>\n<p>&nbsp;<\/p>\n<h2>Le Grand Maitre TUNG KAI YING<\/h2>\n<p><strong>\u00a0<\/strong><a href=\"http:\/\/www.culture-dax.fr\/wp-content\/uploads\/2014\/10\/4.jpg\"><strong><img class=\"alignnone size-medium wp-image-1670\" src=\"http:\/\/www.culture-dax.fr\/wp-content\/uploads\/2014\/10\/4-300x298.jpg\" alt=\"4\" width=\"300\" height=\"298\" \/><\/strong><\/a><a href=\"http:\/\/www.culture-dax.fr\/wp-content\/uploads\/2014\/10\/5.jpg\"><img class=\"alignnone size-medium wp-image-1671\" src=\"http:\/\/www.culture-dax.fr\/wp-content\/uploads\/2014\/10\/5-198x300.jpg\" alt=\"5\" width=\"198\" height=\"300\" \/><\/a><\/p>\n<p><strong>\u00a0<\/strong>TUNG Kai Ying, fils a\u00een\u00e9 de Hu-Ling, a \u00e9tudi\u00e9 avec son grand p\u00e8re Tung Ying Ki\u00e9 et avec son p\u00e8re Tung Hu Ling.<\/p>\n<p>Tung Kai Ying enseigne le Tai Chi Chuan aux Etats Unis et en Europe. En 1971, Tung Kai Ying s'installe \u00e0 Los Angeles\u00a0 o\u00f9\u00a0 il fonde la \"Tung Kai Ying Academy of Tai Chi Chuan\".<\/p>\n<p>&nbsp;<\/p>\n<p>Le style\u00a0 Tung est tr\u00e8s c\u00e9l\u00e8bre en Chine, il est aussi largement popularis\u00e9 en Asie et dans le monde occidental.<\/p>\n<p>L\u2019\u00e9cole TUNG est tr\u00e8s riche\u00a0 dans\u00a0 sa\u00a0 pratique : exercices pr\u00e9paratoires, plusieurs formes \u00e0 mains nues, plusieurs formes avec armes, applications martiales, pouss\u00e9e des mains (Tuishou), enchainements \u00e0 deux (Tuilien), \u2026<\/p>\n<p>&nbsp;<\/p>\n<h1>Les cours<\/h1>\n<h2>L\u2019enseignant<\/h2>\n<p>Les cours sont dispens\u00e9s par Jean-Fran\u00e7ois Lejeune.<\/p>\n<p>Ancien \u00e9l\u00e8ve\u00a0de Matthieu Nolin, il commence le Ta\u00ef Chi Chuan en 2001 et\u00a0poursuit son \u00e9tude jusqu\u2019\u00e0 ce jour.<\/p>\n<p>Il suit des stages de perfectionnement avec Anya M\u00e9ot (fondatrice de l\u2019association TOUM), Rassamy Rodsphon (responsable technique et p\u00e9dagogique de l'association TOUM) et Master Tung, pour approfondir sa formation. Il\u00a0enseigne le Ta\u00ef chi chuan depuis 2006.<\/p>\n<p>Dipl\u00f4mes :<\/p>\n<ul>\n<li>Certificat de Moniteur B\u00e9n\u00e9vole (CMB) en Arts Martiaux Chinois Internes (AMCI)<\/li>\n<li>Certificat de Qualification Professionnelle Moniteur AMCI<\/li>\n<li>4\u00e8me Duan AMCI<\/li>\n<li>Attestation d\u2019\u00e9ducateur sportif<\/li>\n<\/ul>\n<p>Il aime pratiquer dans la d\u00e9tente et la bonne humeur.<\/p>\n<p>&nbsp;<\/p>\n<h2>Le lieu<\/h2>\n<p>Les cours ont lieu \u00e0 la salle de danse, 3 rue du Palais 40100 DAX, 1er \u00e9tage de l\u2019ACD. Les deux premiers cours sont offerts (cours de d\u00e9couverte).<\/p>\n<p>&nbsp;<\/p>\n<h2>La tenue<\/h2>\n<p>Pr\u00e9voir une tenue ample (pantalon long type jogging, chemise \u00e0 manches longues, chaussures souples \u00e0 semelle fine, tenant bien le pied). Les v\u00eatements ne doivent g\u00eaner ni la respiration, ni le mouvement.<\/p>\n<p>La tenue chinoise n\u2019est pas exig\u00e9e.<\/p>\n<p>&nbsp;<\/p>\n<p>&nbsp;<\/p>\n<h2>La m\u00e9thode<\/h2>\n<p>Nous pratiquons le Tai-Chi-Chuan traditionnel \u00ab Yang \u00bb de la famille TUNG, formes lentes et rapides, pouss\u00e9e des mains, \u00e9p\u00e9e, sabre, b\u00e2ton, \u00e9ventail, suivant les niveaux.<\/p>\n<p>Les cours commencent par des exercices pr\u00e9paratoires. Puis les mouvements de la forme sont appris l\u2019un apr\u00e8s l\u2019autre, au fur et \u00e0 mesure des s\u00e9ances. A chaque mouvement est associ\u00e9e une application martiale. Celles-ci sont montr\u00e9es et pratiqu\u00e9es. Le cours se termine par un retour au calme.<\/p>\n<p>Nous aimons une ambiance d\u00e9tendue et attentive ; chacun avance \u00e0 son rythme selon ses possibilit\u00e9s.<\/p>\n<p>Les gestes barri\u00e8re sont strictement respect\u00e9s : port du masque, gel hydroalcoolique et d\u00e9sinfection des armes et accessoires.<\/p>\n<p>&nbsp;<\/p>\n<h1>Les liens<\/h1>\n<h2>La f\u00e9d\u00e9ration<\/h2>\n<p>L\u2019Association Culturelle de Dax est affili\u00e9e \u00e0 la F\u00e9d\u00e9ration des Arts Energ\u00e9tiques et martiaux Chinois (FAEMC).<\/p>\n<p>Vous pourrez obtenir davantage de renseignement sur la f\u00e9d\u00e9ration, le Ta\u00ef Chi Chuan, les arts \u00e9nerg\u00e9tiques et martiaux chinois sur <a href=\"http:\/\/www.faemc.fr\/\">www.faemc.fr <\/a>.<\/p>\n<p>&nbsp;<\/p>\n<h2>L\u2019association TOUM<\/h2>\n<p>\u00ab Importatrice \u00bb de l\u2019\u00e9cole TUNG en France, l\u2019association TOUM et sa fondatrice Anya M\u00e9ot, ont form\u00e9 de nombreux professeurs, permettant la diffusion de la pratique du Ta\u00ef Chi Chuan dans toute la France gr\u00e2ce \u00e0 des associations telles l\u2019ACD. Voir <a href=\"http:\/\/www.toum.asso.fr\/\">www.toum.asso.fr <\/a>.[\/vc_column_text][\/vc_column][\/vc_row][vc_row][vc_column][vc_column_text][\/vc_column_text][\/vc_column][\/vc_row]<\/p>\n","_et_gb_content_width":"","footnotes":""},"class_list":["post-81","page","type-page","status-publish","hentry"],"_links":{"self":[{"href":"https:\/\/www.culture-dax.fr\/index.php?rest_route=\/wp\/v2\/pages\/81","targetHints":{"allow":["GET"]}}],"collection":[{"href":"https:\/\/www.culture-dax.fr\/index.php?rest_route=\/wp\/v2\/pages"}],"about":[{"href":"https:\/\/www.culture-dax.fr\/index.php?rest_route=\/wp\/v2\/types\/page"}],"author":[{"embeddable":true,"href":"https:\/\/www.culture-dax.fr\/index.php?rest_route=\/wp\/v2\/users\/1"}],"replies":[{"embeddable":true,"href":"https:\/\/www.culture-dax.fr\/index.php?rest_route=%2Fwp%2Fv2%2Fcomments&post=81"}],"version-history":[{"count":42,"href":"https:\/\/www.culture-dax.fr\/index.php?rest_route=\/wp\/v2\/pages\/81\/revisions"}],"predecessor-version":[{"id":2853,"href":"https:\/\/www.culture-dax.fr\/index.php?rest_route=\/wp\/v2\/pages\/81\/revisions\/2853"}],"up":[{"embeddable":true,"href":"https:\/\/www.culture-dax.fr\/index.php?rest_route=\/wp\/v2\/pages\/39"}],"wp:attachment":[{"href":"https:\/\/www.culture-dax.fr\/index.php?rest_route=%2Fwp%2Fv2%2Fmedia&parent=81"}],"curies":[{"name":"wp","href":"https:\/\/api.w.org\/{rel}","templated":true}]}}