{"id":89,"date":"2014-10-24T15:11:25","date_gmt":"2014-10-24T14:11:25","guid":{"rendered":"http:\/\/www.culture-dax.fr\/?page_id=89"},"modified":"2025-07-09T10:28:53","modified_gmt":"2025-07-09T09:28:53","slug":"horaires-des-cours-5","status":"publish","type":"page","link":"https:\/\/www.culture-dax.fr\/?page_id=89","title":{"rendered":"Viniyoga"},"content":{"rendered":"<p>[et_pb_section fb_built=\u00a0\u00bb1&Prime; fullwidth=\u00a0\u00bbon\u00a0\u00bb theme_builder_area=\u00a0\u00bbpost_content\u00a0\u00bb _builder_version=\u00a0\u00bb4.25.0&Prime; _module_preset=\u00a0\u00bbdefault\u00a0\u00bb][et_pb_fullwidth_image src=\u00a0\u00bbhttp:\/\/www.culture-dax.fr\/wp-content\/uploads\/2025\/01\/pilates1-e1752053302132.jpg\u00a0\u00bb _builder_version=\u00a0\u00bb4.25.0&Prime; _module_preset=\u00a0\u00bbdefault\u00a0\u00bb theme_builder_area=\u00a0\u00bbpost_content\u00a0\u00bb title_text=\u00a0\u00bbpilates1&Prime; hover_enabled=\u00a0\u00bb0&Prime; sticky_enabled=\u00a0\u00bb0&Prime;][\/et_pb_fullwidth_image][\/et_pb_section][et_pb_section fb_built=\u00a0\u00bb1&Prime; admin_label=\u00a0\u00bbsection\u00a0\u00bb _builder_version=\u00a0\u00bb4.16&Prime; global_colors_info=\u00a0\u00bb{}\u00a0\u00bb][et_pb_row admin_label=\u00a0\u00bbrow\u00a0\u00bb _builder_version=\u00a0\u00bb4.16&Prime; background_size=\u00a0\u00bbinitial\u00a0\u00bb background_position=\u00a0\u00bbtop_left\u00a0\u00bb background_repeat=\u00a0\u00bbrepeat\u00a0\u00bb global_colors_info=\u00a0\u00bb{}\u00a0\u00bb][et_pb_column type=\u00a0\u00bb4_4&Prime; _builder_version=\u00a0\u00bb4.16&Prime; custom_padding=\u00a0\u00bb|||\u00a0\u00bb global_colors_info=\u00a0\u00bb{}\u00a0\u00bb custom_padding__hover=\u00a0\u00bb|||\u00a0\u00bb][et_pb_text admin_label=\u00a0\u00bbText\u00a0\u00bb _builder_version=\u00a0\u00bb4.25.0&Prime; background_size=\u00a0\u00bbinitial\u00a0\u00bb background_position=\u00a0\u00bbtop_left\u00a0\u00bb background_repeat=\u00a0\u00bbrepeat\u00a0\u00bb global_colors_info=\u00a0\u00bb{}\u00a0\u00bb]<\/p>\n<h1><span style=\"color: #993300;\"><strong>COURS D&rsquo;HATHA YOGA avec Christel<\/strong><\/span><\/h1>\n<p><span style=\"font-family: arial, helvetica, sans-serif; font-size: 12pt;\"><strong><span style=\"color: #333399;\">COURS D&rsquo;HATHA YOGA\u00a0<\/span><\/strong><\/span><\/p>\n<p><strong>Activit\u00e9s<\/strong><br \/>Le Hata yoga est la pratique de postures et de respirations douces qui s\u2019adaptent \u00e0 chacun.<br \/>C\u2019est l\u2019une des formes les plus traditionnelles du yoga \u00bb<br \/>Le Hata yoga est un rendez-vous avec soi-m\u00eame tant physiquement que mentalement et surtout, dans le respect de soi<\/p>\n<p><em>Tapis et coussins fournis<\/em><br \/><em>Dur\u00e9e de la s\u00e9ance\u00a0: 1h<\/em><br \/><em>Merci d\u2019apporter une serviette et une couverture.<\/em><\/p>\n<p>[\/et_pb_text][\/et_pb_column][\/et_pb_row][\/et_pb_section]<\/p>\n","protected":false},"excerpt":{"rendered":"<p>COURS D&rsquo;HATHA YOGA avec Christel COURS D&rsquo;HATHA YOGA\u00a0 Activit\u00e9sLe Hata yoga est la pratique de postures et de respirations douces qui s\u2019adaptent \u00e0 chacun.C\u2019est l\u2019une des formes les plus traditionnelles du yoga \u00bbLe Hata yoga est un rendez-vous avec soi-m\u00eame tant physiquement que mentalement et surtout, dans le respect de soi Tapis et coussins fournisDur\u00e9e de la s\u00e9ance\u00a0: 1hMerci d\u2019apporter une serviette et une couverture.<\/p>\n","protected":false},"author":1,"featured_media":0,"parent":39,"menu_order":0,"comment_status":"closed","ping_status":"closed","template":"","meta":{"_et_pb_use_builder":"on","_et_pb_old_content":"<p>[vc_row][vc_column][rev_slider_vc alias=\"mosaique\"][\/vc_column][\/vc_row][vc_row][vc_column][vc_udesign_recent_posts title=\"Derniers commentaires du Blog\" num_posts=\"4\" post_offset=\"0\" num_words_limit=\"13\" show_date_author=\"\" show_more_link=\"yes\" more_link_text=\"En savoir +\" show_thumbs=\"yes\" remove_thumb_frame=\"\" thumb_frame_shadow=\"\" default_thumb=\"yes\" post_thumb_width=\"60\" post_thumb_height=\"60\" class=\"\" category_id=\"19\"][vc_column_text]<\/p>\n<h1><span style=\"color: #993300;\"><strong>COURS D'HATHA YOGA avec Christel<\/strong><\/span><\/h1>\n<p>[\/vc_column_text][\/vc_column][\/vc_row][vc_row][vc_column width=\"3\/4\"][vc_column_text]<span style=\"font-family: arial, helvetica, sans-serif; font-size: 12pt;\"><strong><span style=\"color: #333399;\">COURS D'HATHA YOGA\u00a0<\/span><\/strong><\/span><\/p>\n<p><strong>Activit\u00e9s<\/strong><br \/>\nLe Hata yoga est la pratique de postures et de respirations douces qui s\u2019adaptent \u00e0 chacun.<br \/>\nC\u2019est l\u2019une des formes les plus traditionnelles du yoga \u00bb<br \/>\nLe Hata yoga est un rendez-vous avec soi-m\u00eame tant physiquement que mentalement et surtout, dans le respect de soi<\/p>\n<p><em>Tapis et coussins fournis<\/em><br \/>\n<em>Dur\u00e9e de la s\u00e9ance\u00a0: 1h<\/em><br \/>\n<em>Merci d\u2019apporter une serviette et une couverture.<\/em>[\/vc_column_text][\/vc_column][\/vc_row][vc_row][vc_column][vc_column_text][\/vc_column_text][\/vc_column][\/vc_row]<\/p>\n","_et_gb_content_width":"","footnotes":""},"class_list":["post-89","page","type-page","status-publish","hentry"],"_links":{"self":[{"href":"https:\/\/www.culture-dax.fr\/index.php?rest_route=\/wp\/v2\/pages\/89","targetHints":{"allow":["GET"]}}],"collection":[{"href":"https:\/\/www.culture-dax.fr\/index.php?rest_route=\/wp\/v2\/pages"}],"about":[{"href":"https:\/\/www.culture-dax.fr\/index.php?rest_route=\/wp\/v2\/types\/page"}],"author":[{"embeddable":true,"href":"https:\/\/www.culture-dax.fr\/index.php?rest_route=\/wp\/v2\/users\/1"}],"replies":[{"embeddable":true,"href":"https:\/\/www.culture-dax.fr\/index.php?rest_route=%2Fwp%2Fv2%2Fcomments&post=89"}],"version-history":[{"count":23,"href":"https:\/\/www.culture-dax.fr\/index.php?rest_route=\/wp\/v2\/pages\/89\/revisions"}],"predecessor-version":[{"id":2857,"href":"https:\/\/www.culture-dax.fr\/index.php?rest_route=\/wp\/v2\/pages\/89\/revisions\/2857"}],"up":[{"embeddable":true,"href":"https:\/\/www.culture-dax.fr\/index.php?rest_route=\/wp\/v2\/pages\/39"}],"wp:attachment":[{"href":"https:\/\/www.culture-dax.fr\/index.php?rest_route=%2Fwp%2Fv2%2Fmedia&parent=89"}],"curies":[{"name":"wp","href":"https:\/\/api.w.org\/{rel}","templated":true}]}}